{"id":16,"date":"2014-05-13T09:28:50","date_gmt":"2014-05-13T09:28:50","guid":{"rendered":"http:\/\/centresmolina.com\/centreensenyament\/?page_id=16"},"modified":"2026-04-01T14:01:16","modified_gmt":"2026-04-01T14:01:16","slug":"que-ofrecemos","status":"publish","type":"page","link":"https:\/\/centresmolina.com\/centreensenyament\/es\/que-ofrecemos\/","title":{"rendered":"Oferta educativa"},"content":{"rendered":"<div id=\"pl-16\"  class=\"panel-layout\" ><div id=\"pg-16-0\"  class=\"panel-grid panel-has-style\" ><div class=\"fonsblanc panel-row-style panel-row-style-for-16-0\" ><div id=\"pgc-16-0-0\"  class=\"panel-grid-cell\" ><div id=\"panel-16-0-0-0\" class=\"so-panel widget widget_black-studio-tinymce widget_black_studio_tinymce panel-first-child panel-last-child\" data-index=\"0\" ><div class=\"textwidget\"><div id=\"oferta-educativa\" class=\"columnacont\">\n<p><a href=\"http:\/\/centresmolina.com\/centreensenyament\/files\/2014\/05\/oferta-educativa.jpg\"><img loading=\"lazy\" decoding=\"async\" class=\"imatge alignnone wp-image-733 size-full\" src=\"http:\/\/centresmolina.com\/centreensenyament\/files\/2014\/05\/oferta-educativa.jpg\" alt=\"\" width=\"1400\" height=\"575\" srcset=\"https:\/\/centresmolina.com\/centreensenyament\/files\/2014\/05\/oferta-educativa.jpg 1400w, https:\/\/centresmolina.com\/centreensenyament\/files\/2014\/05\/oferta-educativa-300x123.jpg 300w, https:\/\/centresmolina.com\/centreensenyament\/files\/2014\/05\/oferta-educativa-1024x421.jpg 1024w\" sizes=\"auto, (max-width: 1400px) 100vw, 1400px\" \/><\/a><\/p>\n<h1>50 a\u00f1os formando personas<\/h1>\n<p>La Escuela Molina, <strong><span class=\"blau\"> centro concertado por la Generalitat de Catalunya<\/span><\/strong>, es una escuela familiar con m\u00e1s de 50 a\u00f1os de experiencia dedic\u00e1ndose a la formaci\u00f3n de alumnos de diferentes edades.<\/p>\n<p>Con el paso de los a\u00f1os y despu\u00e9s de un relevo generacional, su funcionamiento se ha ido adaptando a las diferentes reformas educativas y novedades tecnol\u00f3gicas. Es un marco de formaci\u00f3n y convivencia, donde el di\u00e1logo y la responsabilidad, la superaci\u00f3n y el inter\u00e9s por la transformaci\u00f3n social posibilitan el crecimiento personal y profesional.<\/p>\n<p><em><strong><span class=\"blau\">Una tradici\u00f3n de cuidadosa ense\u00f1anza y un estilo educativo personalizado, donde los estudiantes son los protagonistas de un proceso donde se prioriza el aprendizaje delante de la ense\u00f1anza, con una clara atenci\u00f3n a la orientaci\u00f3n acad\u00e9mica y profesional.<\/span><\/strong><\/em><\/p>\n<p>\u00a0<\/p>\n<\/div>\n<\/div><\/div><\/div><div id=\"pgc-16-0-1\"  class=\"panel-grid-cell\" ><div id=\"panel-16-0-1-0\" class=\"so-panel widget widget_black-studio-tinymce widget_black_studio_tinymce panel-first-child panel-last-child\" data-index=\"1\" ><div class=\"textwidget\"><div class=\"columnacont\">\n<div class=\"floatimatge\"><img loading=\"lazy\" decoding=\"async\" class=\"imatge alignnone wp-image-161 size-full\" src=\"http:\/\/centresmolina.com\/centreensenyament\/wp-content\/uploads\/sites\/2\/2014\/05\/icono_oiferta_1.png\" alt=\"\" width=\"111\" height=\"110\" \/><\/div>\n<div class=\"floattext\">\n<h3>Educaci\u00f3n Secundaria Obligatoria<\/h3>\n<p>El alumno es el centro de nuestro sistema educativo. Trabajamos con el mejor equipo docente para garantizar una educaci\u00f3n integral de futuro.<\/p><\/div>\n<div class=\"clear\"><\/div>\n<div class=\"floatimatge\"><img loading=\"lazy\" decoding=\"async\" class=\"imatge alignnone wp-image-164 size-full\" src=\"http:\/\/centresmolina.com\/centreensenyament\/wp-content\/uploads\/sites\/2\/2014\/05\/icono_oiferta_3.png\" alt=\"\" width=\"111\" height=\"110\" \/><\/div>\n<div class=\"floattext\">\n<h3>Gesti\u00f3n Administrativa<\/h3>\n<p>Ofrecemos herramientas vers\u00e1tiles de formaci\u00f3n que se adaptan a las necesidades acad\u00e9micas actuales y que se anticipan a los cambios del mundo laboral. <a href=\"http:\/\/centresmolina.com\/centreensenyament\/files\/2026\/03\/CURS-2026-2027-Preinscripcio-CFGM-2.png\" target=\"_blank\" rel=\"noopener\">+ info<\/a><\/div>\n<div class=\"clear\"><\/div>\n<div class=\"floatimatge\"><img loading=\"lazy\" decoding=\"async\" class=\"imatge alignnone wp-image-165 size-full\" src=\"http:\/\/centresmolina.com\/centreensenyament\/wp-content\/uploads\/sites\/2\/2014\/05\/icono_oiferta_2.png\" alt=\"\" width=\"111\" height=\"110\" \/><\/div>\n<div class=\"floattext\">\n<h3>Administraci\u00f3n y Finanzas<\/h3>\n<p>Las personas que siguen nuestro programa adquieren capacidades de gesti\u00f3n empresarial i financiera, para ser capaces de liderar proyectos profesionales.<\/p>\n<h3>Administraci\u00f3n de Sistemas Inform\u00e1ticos en Red<\/h3>\n<p>Programa espec\u00edfico que permite adquirir habilidades en tecnolog\u00eda y telecomunicaciones que conducen hacia el \u00e9xito profesional.<\/p><\/div>\n<\/div>\n<\/div><\/div><\/div><\/div><\/div><div id=\"pg-16-1\"  class=\"panel-grid panel-has-style\" ><div class=\"nopadding panel-row-style panel-row-style-for-16-1\" ><div id=\"pgc-16-1-0\"  class=\"panel-grid-cell\" ><div id=\"panel-16-1-0-0\" class=\"so-panel widget widget_black-studio-tinymce widget_black_studio_tinymce panel-first-child panel-last-child\" data-index=\"2\" ><div class=\"textwidget\"><p><a href=\"http:\/\/centresmolina.com\/centreensenyament\/files\/2014\/05\/oferta_educativa_01.jpg\"><img loading=\"lazy\" decoding=\"async\" class=\"alignnone size-full wp-image-777\" src=\"http:\/\/centresmolina.com\/centreensenyament\/files\/2014\/05\/oferta_educativa_01.jpg\" alt=\"oferta_educativa_01\" width=\"1400\" height=\"575\" data-id=\"777\" srcset=\"https:\/\/centresmolina.com\/centreensenyament\/files\/2014\/05\/oferta_educativa_01.jpg 1400w, https:\/\/centresmolina.com\/centreensenyament\/files\/2014\/05\/oferta_educativa_01-300x123.jpg 300w, https:\/\/centresmolina.com\/centreensenyament\/files\/2014\/05\/oferta_educativa_01-1024x421.jpg 1024w\" sizes=\"auto, (max-width: 1400px) 100vw, 1400px\" \/><\/a><\/p><\/div><\/div><\/div><\/div><\/div><div id=\"pg-16-2\"  class=\"panel-grid panel-has-style\" ><div class=\"fonsbody panel-row-style panel-row-style-for-16-2\" ><div id=\"pgc-16-2-0\"  class=\"panel-grid-cell\" ><div id=\"panel-16-2-0-0\" class=\"so-panel widget widget_black-studio-tinymce widget_black_studio_tinymce panel-first-child panel-last-child\" data-index=\"3\" ><div class=\"textwidget\"><div id=\"soporte-especial\" class=\"columnacont\" data-iguala=\"1\">\n<p><img loading=\"lazy\" decoding=\"async\" class=\"iconbox alignnone wp-image-171 size-full\" src=\"http:\/\/centresmolina.com\/centreensenyament\/wp-content\/uploads\/sites\/2\/2014\/05\/bola_2.png\" alt=\"\" width=\"103\" height=\"81\" \/><\/p>\n<h1>La Escuela Molina es una escuela:<\/h1>\n<ul>\n<li><strong><span class=\"blau\">Abierta:<\/span><\/strong> acoge a todo el mundo.<\/li>\n<li><strong><span class=\"blau\">Acogedora:<\/span><\/strong> promueve una relaci\u00f3n cercana y familiar.<\/li>\n<li><strong><span class=\"blau\">Innovadora:<\/span><\/strong> conoce y adopta, si procede, los \u00faltimos m\u00e9todos pedag\u00f3gicos y tecnol\u00f3gicos.<\/li>\n<li><strong><span class=\"blau\">Participativa:<\/span><\/strong> fomenta la implicaci\u00f3n de toda la comunidad educativa.<\/li>\n<li><strong><span class=\"blau\">Transformadora:<\/span><\/strong> educa unos valores que permiten la mejora de la sociedad en la que vivimos.<\/li>\n<\/ul>\n<\/div>\n<\/div><\/div><\/div><div id=\"pgc-16-2-1\"  class=\"panel-grid-cell\" ><div id=\"panel-16-2-1-0\" class=\"so-panel widget widget_black-studio-tinymce widget_black_studio_tinymce panel-first-child panel-last-child\" data-index=\"4\" ><div class=\"textwidget\"><div class=\"columnacont\" data-iguala=\"1\">\n<p><img loading=\"lazy\" decoding=\"async\" class=\"iconbox alignnone wp-image-169 size-full\" src=\"http:\/\/centresmolina.com\/centreensenyament\/wp-content\/uploads\/sites\/2\/2014\/05\/bola.png\" alt=\"\" width=\"103\" height=\"81\" \/><\/p>\n<h1>Educar para que lleguen\u00a0a ser...<\/h1>\n<ul>\n<li><strong><span class=\"blau\">Reflexivos:<\/span><\/strong> Piensan las cosas antes, durante y despu\u00e9s de hacerlas o actuar.<\/li>\n<li><strong><span class=\"blau\">Responsables:<\/span><\/strong> Se esfuerzan para cumplir con sus obligaciones.<\/li>\n<li><strong><span class=\"blau\">Cr\u00edticos:<\/span><\/strong> Expresan su opini\u00f3n de forma razonable.<\/li>\n<li><strong><span class=\"blau\">Aut\u00f3nomos:<\/span><\/strong> Toman decisiones y act\u00faan en consecuencia.<\/li>\n<\/ul>\n<\/div>\n<\/div><\/div><\/div><\/div><\/div><div id=\"pg-16-3\"  class=\"panel-grid panel-has-style\" ><div class=\"nopadding panel-row-style panel-row-style-for-16-3\" ><div id=\"pgc-16-3-0\"  class=\"panel-grid-cell\" ><div id=\"panel-16-3-0-0\" class=\"so-panel widget widget_black-studio-tinymce widget_black_studio_tinymce panel-first-child panel-last-child\" data-index=\"5\" ><div class=\"textwidget\"><p><a href=\"http:\/\/centresmolina.com\/centreensenyament\/files\/2014\/06\/accio-tutorial3.jpg\"><img loading=\"lazy\" decoding=\"async\" class=\"imatge alignnone wp-image-781 size-full\" src=\"http:\/\/centresmolina.com\/centreensenyament\/files\/2014\/06\/accio-tutorial3.jpg\" alt=\"\" width=\"1400\" height=\"575\" srcset=\"https:\/\/centresmolina.com\/centreensenyament\/files\/2014\/06\/accio-tutorial3.jpg 1400w, https:\/\/centresmolina.com\/centreensenyament\/files\/2014\/06\/accio-tutorial3-300x123.jpg 300w, https:\/\/centresmolina.com\/centreensenyament\/files\/2014\/06\/accio-tutorial3-1024x421.jpg 1024w\" sizes=\"auto, (max-width: 1400px) 100vw, 1400px\" \/><\/a><\/p><\/div><\/div><\/div><\/div><\/div><div id=\"pg-16-4\"  class=\"panel-grid panel-has-style\" ><div class=\"fonsblau panel-row-style panel-row-style-for-16-4\" ><div id=\"pgc-16-4-0\"  class=\"panel-grid-cell\" ><div id=\"panel-16-4-0-0\" class=\"so-panel widget widget_black-studio-tinymce widget_black_studio_tinymce panel-first-child panel-last-child\" data-index=\"6\" ><div class=\"textwidget\"><div class=\"columnacont\">\n<h1>Acci\u00f3n tutorial y atenci\u00f3n a la diversidad<\/h1>\n<p>Disponemos de un departamento de orientaci\u00f3n, responsable de impulsar la acci\u00f3n tutorial y coordinar la orientaci\u00f3n escolar de los alumnos. Tambi\u00e9n realiza la atenci\u00f3n a los alumnos con necesidades educativas especiales y colabora en la elaboraci\u00f3n de adaptaciones curriculares.<\/p>\n<p><a class=\"boto\" href=\"http:\/\/centresmolina.com\/centreensenyament\/accion-tutorial-diversidad\/\">M\u00e1s info<\/a><\/div>\n<\/div><\/div><\/div><div id=\"pgc-16-4-1\"  class=\"panel-grid-cell\" ><div id=\"panel-16-4-1-0\" class=\"so-panel widget widget_black-studio-tinymce widget_black_studio_tinymce panel-first-child panel-last-child\" data-index=\"7\" ><div class=\"textwidget\"><div id=\"actividades-extraescolares\" class=\"columnacont\">\n<h1>Orientar en el crecimiento<\/h1>\n<p>Nuestro centro tiene una larga experiencia educativa y sigue una misma l\u00ednea pedag\u00f3gica, creando un estilo propio para potenciar el desarrollo integral, personal y acad\u00e9mico del alumno, adaptando los medios educativos a las exigencias del momento.<\/p>\n<\/div>\n<\/div><\/div><\/div><\/div><\/div><div id=\"pg-16-5\"  class=\"panel-grid panel-has-style\" ><div class=\"spaceicon panel-row-style panel-row-style-for-16-5\" ><div id=\"pgc-16-5-0\"  class=\"panel-grid-cell\" ><div id=\"panel-16-5-0-0\" class=\"so-panel widget widget_black-studio-tinymce widget_black_studio_tinymce panel-first-child panel-last-child\" data-index=\"8\" ><div class=\"textwidget\"><p><img loading=\"lazy\" decoding=\"async\" class=\"alignnone size-full wp-image-408\" src=\"http:\/\/centresmolina.com\/centreensenyament\/wp-content\/uploads\/sites\/2\/2014\/05\/perfil.png\" alt=\"perfil\" width=\"103\" height=\"81\" data-id=\"408\" \/><\/p><h1>La voluntad es despertar las emociones<\/h1><\/div><\/div><\/div><\/div><\/div><div id=\"pg-16-6\"  class=\"panel-grid panel-has-style\" ><div class=\"fonsblancdetall panel-row-style panel-row-style-for-16-6\" ><div id=\"pgc-16-6-0\"  class=\"panel-grid-cell\" ><div id=\"panel-16-6-0-0\" class=\"so-panel widget widget_black-studio-tinymce widget_black_studio_tinymce panel-first-child panel-last-child\" data-index=\"9\" ><div class=\"textwidget\"><div class=\"columnacont\">\n<p>Al acabar el proceso educativo ser\u00e1n competentes si:<\/p>\n<ul>\n<li><strong><span class=\"blau\">Comprenden:<\/span><\/strong> Captan e interiorizan la informaci\u00f3n recibida en cualquier situaci\u00f3n.<\/li>\n<li><strong><span class=\"blau\">Autoconocen:<\/span><\/strong>\u00a0Tienen conciencia de las propias capacidades y habilidades.<\/li>\n<li><strong><span class=\"blau\">Resuelven:<\/span><\/strong>\u00a0Encuentran soluci\u00f3n a los problemas que se les plantean.<\/li>\n<li><strong><span class=\"blau\">Buscan:<\/span><\/strong>\u00a0Hacen uso de diversos medios, para encontrar respuestas a las cuestiones planteadas.<\/li>\n<\/ul>\n<\/div>\n<\/div><\/div><\/div><div id=\"pgc-16-6-1\"  class=\"panel-grid-cell\" ><div id=\"panel-16-6-1-0\" class=\"so-panel widget widget_black-studio-tinymce widget_black_studio_tinymce panel-first-child panel-last-child\" data-index=\"10\" ><div class=\"textwidget\"><div class=\"columnacont\">\n<ul>\n<li><strong><span class=\"blau\">Cooperan:<\/span><\/strong>\u00a0Trabajan en grupo, respetando las individualidades.<\/li>\n<li><strong><span class=\"blau\">Memorizan:<\/span><\/strong>\u00a0Recuerdan significativamente aquella informaci\u00f3n m\u00e1s relevante.<\/li>\n<li><strong><span class=\"blau\">Comunican y expresan:<\/span><\/strong>\u00a0Transmiten informaciones, sentimientos o estados de \u00e1nimo.<\/li>\n<li><strong><span class=\"blau\">Transfieren:<\/span><\/strong>\u00a0Aplican lo que han aprendido en situaciones y contextos diversos.<\/li>\n<li><strong><span class=\"blau\">Autoregulan:<\/span><\/strong>\u00a0Son conscientes de su propio proceso de aprendizaje.<\/li>\n<\/ul>\n<\/div>\n<\/div><\/div><\/div><\/div><\/div><\/div>","protected":false},"excerpt":{"rendered":"<p>50 a\u00f1os formando personasLa Escuela Molina, centro concertado por la Generalitat de Catalunya, es una escuela familiar con m\u00e1s de&#8230;<\/p>\n","protected":false},"author":1,"featured_media":0,"parent":0,"menu_order":0,"comment_status":"closed","ping_status":"closed","template":"page-templates\/sidebar-excluded.php","meta":{"footnotes":""},"class_list":["post-16","page","type-page","status-publish","hentry"],"yoast_head":"<!-- This site is optimized with the Yoast SEO plugin v27.2 - https:\/\/yoast.com\/product\/yoast-seo-wordpress\/ -->\n<title>Oferta educativa - Centros de ense\u00f1anza<\/title>\n<meta name=\"robots\" content=\"index, follow, max-snippet:-1, max-image-preview:large, max-video-preview:-1\" \/>\n<link rel=\"canonical\" href=\"https:\/\/centresmolina.com\/centreensenyament\/es\/que-ofrecemos\/\" \/>\n<meta property=\"og:locale\" content=\"es_ES\" \/>\n<meta property=\"og:type\" content=\"article\" \/>\n<meta property=\"og:title\" content=\"Oferta educativa - Centros de ense\u00f1anza\" \/>\n<meta property=\"og:description\" content=\"50 a\u00f1os formando personasLa Escuela Molina, centro concertado por la Generalitat de Catalunya, es una escuela familiar con m\u00e1s de...\" \/>\n<meta property=\"og:url\" content=\"https:\/\/centresmolina.com\/centreensenyament\/es\/que-ofrecemos\/\" \/>\n<meta property=\"og:site_name\" content=\"Centros de ense\u00f1anza\" \/>\n<meta property=\"article:modified_time\" content=\"2026-04-01T14:01:16+00:00\" \/>\n<meta property=\"og:image\" content=\"https:\/\/centresmolina.com\/centreensenyament\/files\/2014\/05\/oferta-educativa.jpg\" \/>\n\t<meta property=\"og:image:width\" content=\"1400\" \/>\n\t<meta property=\"og:image:height\" content=\"575\" \/>\n\t<meta property=\"og:image:type\" content=\"image\/jpeg\" \/>\n<meta name=\"twitter:label1\" content=\"Tiempo de lectura\" \/>\n\t<meta name=\"twitter:data1\" content=\"5 minutos\" \/>\n<script type=\"application\/ld+json\" class=\"yoast-schema-graph\">{\"@context\":\"https:\/\/schema.org\",\"@graph\":[{\"@type\":\"WebPage\",\"@id\":\"https:\/\/centresmolina.com\/centreensenyament\/es\/que-ofrecemos\/\",\"url\":\"https:\/\/centresmolina.com\/centreensenyament\/es\/que-ofrecemos\/\",\"name\":\"Oferta educativa - Centros de ense\u00f1anza\",\"isPartOf\":{\"@id\":\"https:\/\/centresmolina.com\/centreensenyament\/#website\"},\"primaryImageOfPage\":{\"@id\":\"https:\/\/centresmolina.com\/centreensenyament\/es\/que-ofrecemos\/#primaryimage\"},\"image\":{\"@id\":\"https:\/\/centresmolina.com\/centreensenyament\/es\/que-ofrecemos\/#primaryimage\"},\"thumbnailUrl\":\"http:\/\/centresmolina.com\/centreensenyament\/files\/2014\/05\/oferta-educativa.jpg\",\"datePublished\":\"2014-05-13T09:28:50+00:00\",\"dateModified\":\"2026-04-01T14:01:16+00:00\",\"breadcrumb\":{\"@id\":\"https:\/\/centresmolina.com\/centreensenyament\/es\/que-ofrecemos\/#breadcrumb\"},\"inLanguage\":\"es\",\"potentialAction\":[{\"@type\":\"ReadAction\",\"target\":[\"https:\/\/centresmolina.com\/centreensenyament\/es\/que-ofrecemos\/\"]}]},{\"@type\":\"ImageObject\",\"inLanguage\":\"es\",\"@id\":\"https:\/\/centresmolina.com\/centreensenyament\/es\/que-ofrecemos\/#primaryimage\",\"url\":\"http:\/\/centresmolina.com\/centreensenyament\/files\/2014\/05\/oferta-educativa.jpg\",\"contentUrl\":\"http:\/\/centresmolina.com\/centreensenyament\/files\/2014\/05\/oferta-educativa.jpg\"},{\"@type\":\"BreadcrumbList\",\"@id\":\"https:\/\/centresmolina.com\/centreensenyament\/es\/que-ofrecemos\/#breadcrumb\",\"itemListElement\":[{\"@type\":\"ListItem\",\"position\":1,\"name\":\"Portada\",\"item\":\"https:\/\/centresmolina.com\/centreensenyament\/es\/\"},{\"@type\":\"ListItem\",\"position\":2,\"name\":\"Oferta educativa\"}]},{\"@type\":\"WebSite\",\"@id\":\"https:\/\/centresmolina.com\/centreensenyament\/#website\",\"url\":\"https:\/\/centresmolina.com\/centreensenyament\/\",\"name\":\"Centros de ense\u00f1anza\",\"description\":\"Centres Molina - Centros de ense\u00f1anza\",\"potentialAction\":[{\"@type\":\"SearchAction\",\"target\":{\"@type\":\"EntryPoint\",\"urlTemplate\":\"https:\/\/centresmolina.com\/centreensenyament\/?s={search_term_string}\"},\"query-input\":{\"@type\":\"PropertyValueSpecification\",\"valueRequired\":true,\"valueName\":\"search_term_string\"}}],\"inLanguage\":\"es\"}]}<\/script>\n<!-- \/ Yoast SEO plugin. -->","yoast_head_json":{"title":"Oferta educativa - Centros de ense\u00f1anza","robots":{"index":"index","follow":"follow","max-snippet":"max-snippet:-1","max-image-preview":"max-image-preview:large","max-video-preview":"max-video-preview:-1"},"canonical":"https:\/\/centresmolina.com\/centreensenyament\/es\/que-ofrecemos\/","og_locale":"es_ES","og_type":"article","og_title":"Oferta educativa - Centros de ense\u00f1anza","og_description":"50 a\u00f1os formando personasLa Escuela Molina, centro concertado por la Generalitat de Catalunya, es una escuela familiar con m\u00e1s de...","og_url":"https:\/\/centresmolina.com\/centreensenyament\/es\/que-ofrecemos\/","og_site_name":"Centros de ense\u00f1anza","article_modified_time":"2026-04-01T14:01:16+00:00","og_image":[{"width":1400,"height":575,"url":"https:\/\/centresmolina.com\/centreensenyament\/files\/2014\/05\/oferta-educativa.jpg","type":"image\/jpeg"}],"twitter_misc":{"Tiempo de lectura":"5 minutos"},"schema":{"@context":"https:\/\/schema.org","@graph":[{"@type":"WebPage","@id":"https:\/\/centresmolina.com\/centreensenyament\/es\/que-ofrecemos\/","url":"https:\/\/centresmolina.com\/centreensenyament\/es\/que-ofrecemos\/","name":"Oferta educativa - Centros de ense\u00f1anza","isPartOf":{"@id":"https:\/\/centresmolina.com\/centreensenyament\/#website"},"primaryImageOfPage":{"@id":"https:\/\/centresmolina.com\/centreensenyament\/es\/que-ofrecemos\/#primaryimage"},"image":{"@id":"https:\/\/centresmolina.com\/centreensenyament\/es\/que-ofrecemos\/#primaryimage"},"thumbnailUrl":"http:\/\/centresmolina.com\/centreensenyament\/files\/2014\/05\/oferta-educativa.jpg","datePublished":"2014-05-13T09:28:50+00:00","dateModified":"2026-04-01T14:01:16+00:00","breadcrumb":{"@id":"https:\/\/centresmolina.com\/centreensenyament\/es\/que-ofrecemos\/#breadcrumb"},"inLanguage":"es","potentialAction":[{"@type":"ReadAction","target":["https:\/\/centresmolina.com\/centreensenyament\/es\/que-ofrecemos\/"]}]},{"@type":"ImageObject","inLanguage":"es","@id":"https:\/\/centresmolina.com\/centreensenyament\/es\/que-ofrecemos\/#primaryimage","url":"http:\/\/centresmolina.com\/centreensenyament\/files\/2014\/05\/oferta-educativa.jpg","contentUrl":"http:\/\/centresmolina.com\/centreensenyament\/files\/2014\/05\/oferta-educativa.jpg"},{"@type":"BreadcrumbList","@id":"https:\/\/centresmolina.com\/centreensenyament\/es\/que-ofrecemos\/#breadcrumb","itemListElement":[{"@type":"ListItem","position":1,"name":"Portada","item":"https:\/\/centresmolina.com\/centreensenyament\/es\/"},{"@type":"ListItem","position":2,"name":"Oferta educativa"}]},{"@type":"WebSite","@id":"https:\/\/centresmolina.com\/centreensenyament\/#website","url":"https:\/\/centresmolina.com\/centreensenyament\/","name":"Centros de ense\u00f1anza","description":"Centres Molina - Centros de ense\u00f1anza","potentialAction":[{"@type":"SearchAction","target":{"@type":"EntryPoint","urlTemplate":"https:\/\/centresmolina.com\/centreensenyament\/?s={search_term_string}"},"query-input":{"@type":"PropertyValueSpecification","valueRequired":true,"valueName":"search_term_string"}}],"inLanguage":"es"}]}},"_links":{"self":[{"href":"https:\/\/centresmolina.com\/centreensenyament\/es\/wp-json\/wp\/v2\/pages\/16\/"}],"collection":[{"href":"https:\/\/centresmolina.com\/centreensenyament\/es\/wp-json\/wp\/v2\/pages\/"}],"about":[{"href":"https:\/\/centresmolina.com\/centreensenyament\/es\/wp-json\/wp\/v2\/types\/page\/"}],"author":[{"embeddable":true,"href":"https:\/\/centresmolina.com\/centreensenyament\/es\/wp-json\/wp\/v2\/users\/1\/"}],"replies":[{"embeddable":true,"href":"https:\/\/centresmolina.com\/centreensenyament\/es\/wp-json\/wp\/v2\/comments\/?post=16"}],"version-history":[{"count":71,"href":"https:\/\/centresmolina.com\/centreensenyament\/es\/wp-json\/wp\/v2\/pages\/16\/revisions\/"}],"predecessor-version":[{"id":23006,"href":"https:\/\/centresmolina.com\/centreensenyament\/es\/wp-json\/wp\/v2\/pages\/16\/revisions\/23006\/"}],"wp:attachment":[{"href":"https:\/\/centresmolina.com\/centreensenyament\/es\/wp-json\/wp\/v2\/media\/?parent=16"}],"curies":[{"name":"wp","href":"https:\/\/api.w.org\/{rel}","templated":true}]}}