{"id":2,"date":"2014-05-12T11:56:57","date_gmt":"2014-05-12T11:56:57","guid":{"rendered":"http:\/\/centresmolina.com\/centreensenyament\/?page_id=2"},"modified":"2025-10-16T08:56:31","modified_gmt":"2025-10-16T08:56:31","slug":"nosotros","status":"publish","type":"page","link":"https:\/\/centresmolina.com\/centreensenyament\/es\/nosotros\/","title":{"rendered":"Nosotros"},"content":{"rendered":"<div id=\"pl-2\"  class=\"panel-layout\" ><div id=\"pg-2-0\"  class=\"panel-grid panel-has-style\" ><div class=\"fonsblanc panel-row-style panel-row-style-for-2-0\" ><div id=\"pgc-2-0-0\"  class=\"panel-grid-cell\" ><div id=\"panel-2-0-0-0\" class=\"so-panel widget widget_black-studio-tinymce widget_black_studio_tinymce panel-first-child panel-last-child\" data-index=\"0\" ><div class=\"textwidget\"><div id=\"equipo-humano\" class=\"columnacont\"><a href=\"http:\/\/centresmolina.com\/centreensenyament\/files\/2014\/05\/equip-directiu.jpg\"><img loading=\"lazy\" decoding=\"async\" class=\"alignnone wp-image-721 size-full\" src=\"http:\/\/centresmolina.com\/centreensenyament\/files\/2014\/05\/equip-directiu.jpg\" alt=\"\" width=\"1400\" height=\"575\" data-id=\"650\" srcset=\"https:\/\/centresmolina.com\/centreensenyament\/files\/2014\/05\/equip-directiu.jpg 1400w, https:\/\/centresmolina.com\/centreensenyament\/files\/2014\/05\/equip-directiu-300x123.jpg 300w, https:\/\/centresmolina.com\/centreensenyament\/files\/2014\/05\/equip-directiu-1024x421.jpg 1024w\" sizes=\"auto, (max-width: 1400px) 100vw, 1400px\" \/><\/a><\/div><\/div><\/div><\/div><div id=\"pgc-2-0-1\"  class=\"panel-grid-cell\" ><div id=\"panel-2-0-1-0\" class=\"so-panel widget widget_black-studio-tinymce widget_black_studio_tinymce panel-first-child panel-last-child\" data-index=\"1\" ><div class=\"textwidget\"><div class=\"columnacont\">\n<p>En el a\u00f1o 1960, en Barcelona, la Sra. Leonor Garuz Blanco fund\u00f3 la <strong>ACADEMIA MOLINA<\/strong> en el barrio de Hostafrancs.<\/p>\n<p>Este centro naci\u00f3 con la finalidad de impartir los niveles educativos que hab\u00eda en el momento, desde parvulario hasta el Bachillerato Elemental y el Comercio Pr\u00e1ctico.<\/p>\n<p>Los inicios dif\u00edciles, se fueron superando con esfuerzo y dedicaci\u00f3n y con el apoyo de su familia.<\/p>\n<p>En el a\u00f1o 1964 continu\u00f3 con nuevos espacios en el barrio de la Guineueta (Nou Barris), donde se fijaron los pilares de una Escuela que continuar\u00eda hasta nuestros d\u00edas.<\/p>\n<\/div>\n<\/div><\/div><\/div><\/div><\/div><div id=\"pg-2-1\"  class=\"panel-grid panel-has-style\" ><div class=\"fonsblau panel-row-style panel-row-style-for-2-1\" ><div id=\"pgc-2-1-0\"  class=\"panel-grid-cell\" ><div id=\"panel-2-1-0-0\" class=\"so-panel widget widget_black-studio-tinymce widget_black_studio_tinymce panel-first-child panel-last-child\" data-index=\"2\" ><div class=\"textwidget\"><h1>Equipo humano<\/h1>\n<p><strong>DIRECCI\u00d3N<\/strong><br \/>\nCarolina Molina Garc\u00eda<\/p>\n<p><strong>JEFE DE ESTUDIOS<\/strong><br \/>\nMarissa Cerezo Serrat<\/p>\n<p><strong>TUTOR\u00cdAS<\/strong><br \/>\n1er. E.S.O. Roser Chinch\u00f3 Entrambasaguas<br \/>\n2on. E.S.O. N\u00faria D\u00edaz Miranda<br \/>\n3er. E.S.O. Rosa Carn\u00e9 Arnau<br \/>\n4art. E.S.O. Eva Mas\u00f3 Amor\u00f3s<\/p>\n<p><strong>CFGM-ADMNVA.<\/strong> Rosal\u00eda Hidalgo Pena<br \/>\nMarissa Cerezo Serrat<br \/>\nCarolina Molina Garc\u00eda<\/p>\n<p>Todas las visitas tutoriales\u00a0ser\u00e1n concertadas previamente por tel\u00e9fono o mediante una nota escrita en la agenda de sus hijos\/as.<\/p>\n<\/div><\/div><\/div><div id=\"pgc-2-1-1\"  class=\"panel-grid-cell\" ><div id=\"panel-2-1-1-0\" class=\"so-panel widget widget_black-studio-tinymce widget_black_studio_tinymce panel-first-child panel-last-child\" data-index=\"3\" ><div class=\"textwidget\"><div class=\"columnacont\">\n<p><strong>GABINETE PSICOPEDAG\u00d3GICO:<\/strong><br \/>\nMarissa Cerezo Serrat (Psic\u00f2loga)<br \/>\nN\u00faria D\u00edaz Miranda (Pedagoga)<\/p>\n<p><strong>GABINETE DE SALUD Y AT. A LA FAMILA:<\/strong><br \/>\nRoser Chinch\u00f3 Entrambasaguas<\/p>\n<p><strong>LIMPIEZA Y MANTENIMIENTO:<\/strong><br \/>\nH\u00e9ctor W. Hidalgo Flores<\/p>\n<p><strong>SECRETARIA:<\/strong><br \/>\nClara Sabadell Trueba<\/p>\n<p><strong>ADMINISTRACI\u00d3N:<\/strong><br \/>\nEmi Mart\u00ednez Garrido<\/p>\n<p><b>OTROS:<\/b><br \/>\nSERVICIO M\u00c9DICO\u00a0(Accidentes): CATALANA OCCIDENT \/ FIATC<\/p>\n<\/div>\n<\/div><\/div><\/div><div id=\"pgc-2-1-2\"  class=\"panel-grid-cell\" ><div id=\"panel-2-1-2-0\" class=\"so-panel widget widget_black-studio-tinymce widget_black_studio_tinymce panel-first-child panel-last-child\" data-index=\"4\" ><div class=\"textwidget\"><p><strong>PROFESORADO:<\/strong><br \/>\nAida Go\u00f1i Lasheras<br \/>\nBenito Melero Ochoa<br \/>\nElisabeth Kroijenga Rossell<br \/>\nCarla Valero Segu<br \/>\nCarolina Molina Garcia<br \/>\nEduard P\u00e9rez L\u00f3pez<br \/>\nEva Mas\u00f3 Amor\u00f3s<br \/>\nJacqueline Roso<br \/>\nFortuna Pase Bezcioglu<br \/>\nHelena Salda\u00f1a Lorca<br \/>\nMario Gese Aperte<br \/>\nMarissa Cerezo Serrat<br \/>\nM\u00aa Eugenia Caboz Gouveia<br \/>\nN\u00faria D\u00edaz Miranda<br \/>\nRosa Carn\u00e9 Arnau<br \/>\nRosal\u00eda Hidalgo Pena<br \/>\nRoser Chinch\u00f3 Entrambasaguas<br \/>\nVanessa Iwen<\/p>\n<\/div><\/div><\/div><\/div><\/div><div id=\"pg-2-2\"  class=\"panel-grid panel-has-style\" ><div class=\"nopadding panel-row-style panel-row-style-for-2-2\" ><div id=\"pgc-2-2-0\"  class=\"panel-grid-cell\" ><div id=\"panel-2-2-0-0\" class=\"so-panel widget widget_black-studio-tinymce widget_black_studio_tinymce panel-first-child panel-last-child\" data-index=\"5\" ><div class=\"textwidget\"><p><a href=\"http:\/\/centresmolina.com\/centreensenyament\/files\/2014\/05\/nosaltres_4.jpg\"><img loading=\"lazy\" decoding=\"async\" class=\"alignnone size-full wp-image-669\" src=\"http:\/\/centresmolina.com\/centreensenyament\/files\/2014\/05\/nosaltres_4.jpg\" alt=\"nosaltres_4\" width=\"1400\" height=\"575\" data-id=\"669\" srcset=\"https:\/\/centresmolina.com\/centreensenyament\/files\/2014\/05\/nosaltres_4.jpg 1400w, https:\/\/centresmolina.com\/centreensenyament\/files\/2014\/05\/nosaltres_4-300x123.jpg 300w, https:\/\/centresmolina.com\/centreensenyament\/files\/2014\/05\/nosaltres_4-1024x421.jpg 1024w\" sizes=\"auto, (max-width: 1400px) 100vw, 1400px\" \/><\/a><\/p><\/div><\/div><\/div><\/div><\/div><div id=\"pg-2-3\"  class=\"panel-grid panel-has-style\" ><div class=\"fonsblaufosc panel-row-style panel-row-style-for-2-3\" ><div id=\"pgc-2-3-0\"  class=\"panel-grid-cell\" ><div id=\"panel-2-3-0-0\" class=\"so-panel widget widget_black-studio-tinymce widget_black_studio_tinymce panel-first-child panel-last-child\" data-index=\"6\" ><div class=\"textwidget\"><div id=\"consejo-escolar\" class=\"columnacont\">\n<h1>Consejo escolar<\/h1>\n<p><strong>DIRECTOR \/ PRESIDENTE:<\/strong><br \/>\nCarolina Molina Garcia<\/p>\n<p><strong>REPRESENTANTE DEL TITULAR:<\/strong><br \/>\nJos\u00e9 Emilio Molina Garuz<br \/>\nCarolina Molina Garcia<\/p>\n<p><strong>REPRESENTANTE DE LOS ALUMNOS:<\/strong><br \/>\nZoe Est\u00e9vez Montagut<br \/>\nAdam Dadda Ben Ammar<\/div>\n<\/div><\/div><\/div><div id=\"pgc-2-3-1\"  class=\"panel-grid-cell\" ><div id=\"panel-2-3-1-0\" class=\"so-panel widget widget_black-studio-tinymce widget_black_studio_tinymce panel-first-child panel-last-child\" data-index=\"7\" ><div class=\"textwidget\"><div class=\"columnacont\">\n<h1><\/h1>\n<p><strong>REPRESENTANTES DEL PROFESORADO<\/strong><br \/>\nMarissa Cerezo Serrat<br \/>\nRosalia Hidalgo Pena<br \/>\nEva Mas\u00f3 Amor\u00f3s<\/p>\n<p><strong>REPRESENTANTES DE MADRES Y PADRES<\/strong><br \/>\nMiriam Montagut<br \/>\nIhssan Ben Ammar Bouyaez<\/p>\n<p>&nbsp;<\/p>\n<\/div>\n<\/div><\/div><\/div><div id=\"pgc-2-3-2\"  class=\"panel-grid-cell\" ><div id=\"panel-2-3-2-0\" class=\"so-panel widget widget_black-studio-tinymce widget_black_studio_tinymce panel-first-child panel-last-child\" data-index=\"8\" ><div class=\"textwidget\"><h1><\/h1>\n<p><strong>REPRESENTANTE DEL PAS<br \/>\n<\/strong>Clara Sabadell Trueba<\/p>\n<p><strong>REPRESENTANTE DEL PAE<br \/>\n<\/strong>Roser Chinch\u00f3 Entrambasaguas<\/p>\n<\/div><\/div><\/div><\/div><\/div><div id=\"pg-2-4\"  class=\"panel-grid panel-has-style\" ><div class=\"nopadding panel-row-style panel-row-style-for-2-4\" ><div id=\"pgc-2-4-0\"  class=\"panel-grid-cell\" ><div id=\"panel-2-4-0-0\" class=\"so-panel widget widget_black-studio-tinymce widget_black_studio_tinymce panel-first-child panel-last-child\" data-index=\"9\" ><div class=\"textwidget\"><p><a href=\"http:\/\/centresmolina.com\/centreensenyament\/files\/2014\/06\/equip-huma.jpg\"><img loading=\"lazy\" decoding=\"async\" class=\"imatge alignnone wp-image-730 size-full\" src=\"http:\/\/centresmolina.com\/centreensenyament\/files\/2014\/06\/equip-huma.jpg\" alt=\"\" width=\"1400\" height=\"575\" srcset=\"https:\/\/centresmolina.com\/centreensenyament\/files\/2014\/06\/equip-huma.jpg 1400w, https:\/\/centresmolina.com\/centreensenyament\/files\/2014\/06\/equip-huma-300x123.jpg 300w, https:\/\/centresmolina.com\/centreensenyament\/files\/2014\/06\/equip-huma-1024x421.jpg 1024w\" sizes=\"auto, (max-width: 1400px) 100vw, 1400px\" \/><\/a><\/p><\/div><\/div><\/div><\/div><\/div><div id=\"pg-2-5\"  class=\"panel-grid panel-has-style\" ><div class=\"spaceicon panel-row-style panel-row-style-for-2-5\" ><div id=\"pgc-2-5-0\"  class=\"panel-grid-cell\" ><div id=\"panel-2-5-0-0\" class=\"so-panel widget widget_black-studio-tinymce widget_black_studio_tinymce panel-first-child panel-last-child\" data-index=\"10\" ><div class=\"textwidget\"><p><img loading=\"lazy\" decoding=\"async\" class=\"alignnone size-full wp-image-398\" src=\"http:\/\/centresmolina.com\/centreensenyament\/wp-content\/uploads\/sites\/2\/2014\/05\/clock.png\" alt=\"clock\" width=\"103\" height=\"81\" data-id=\"398\" \/><\/p><\/div><\/div><\/div><\/div><\/div><div id=\"pg-2-6\"  class=\"panel-grid panel-has-style\" ><div class=\"fonsblanc panel-row-style panel-row-style-for-2-6\" ><div id=\"pgc-2-6-0\"  class=\"panel-grid-cell\" ><div id=\"panel-2-6-0-0\" class=\"so-panel widget widget_black-studio-tinymce widget_black_studio_tinymce panel-first-child panel-last-child\" data-index=\"11\" ><div class=\"textwidget\"><h1 id=\"horarios-entrada-salida\">Horarios de entrada y salida<\/h1>\n<div id=\"nes_page-wrap\">\n<table>\n<thead>\n<tr>\n<th><\/th>\n<th>Entrada<\/th>\n<th>Salida<\/th>\n<th>Excepciones<\/th>\n<\/tr>\n<\/thead>\n<tbody>\n<tr>\n<td class=\"nes_curs\"><strong>Horario de 1\u00ba y 2\u00ba ESO<\/strong><br \/>\n(de lunes a jueves)<\/td>\n<td><strong>08:30h<\/strong>\u00a0Ma\u00f1ana<br \/>\n<strong>15:00h<\/strong>\u00a0Tarde<\/td>\n<td><strong>13:00h<\/strong>\u00a0Mediod\u00eda<br \/>\n<strong>17:00h<\/strong>\u00a0Tarde<br \/>\n<strong>18:00h<\/strong> (Lunes)<\/td>\n<td>Viernes:<br \/>\nEntrada <strong>08:30h<\/strong><br \/>\nSalida\u00a0<strong>14:00h<\/strong><\/td>\n<\/tr>\n<tr>\n<td class=\"nes_curs\"><strong>Horario 3\u00ba y 4\u00ba ESO<\/strong><br \/>\n(de lunes a jueves)<\/td>\n<td><strong>08:30h<\/strong>\u00a0Ma\u00f1ana<br \/>\n<strong>15:00h<\/strong>\u00a0Tarde<\/td>\n<td><strong>13:00h<\/strong>\u00a0Mediod\u00eda<br \/>\n<strong>17:00h<\/strong>\u00a0Tarde<br \/>\n<strong>18:00h<\/strong> (Lunes)<\/td>\n<td>Viernes:<br \/>\nEntrada <strong>08:30h<\/strong><br \/>\nSalida\u00a0<strong>14:00h<\/strong><\/td>\n<\/tr>\n<tr>\n<td class=\"nes_curs\"><strong>Horario de CFGM<\/strong><br \/>\n(Intensivo de ma\u00f1ana)<\/td>\n<td><strong>08:30h<\/strong>\u00a0Ma\u00f1ana<\/td>\n<td><strong>14:00h<\/strong>\u00a0Mediod\u00eda<\/td>\n<td>--<\/td>\n<\/tr>\n<\/tbody>\n<\/table>\n<\/div>\n<h1 id=\"calendario-escolar\"><\/h1>\n<div class=\"nes_contcal\"><\/div>\n<h1 id=\"calendario-escolar\">Calendario escolar<\/h1>\n<div class=\"nes_contcal\">\n<div class=\"nes_calescolar\">\n<div class=\"nes_mes\">Setiembre<\/div>\n<div class=\"nes_dies\">\n<p><strong>08 Lunes <\/strong>\u00a0- Inicio del curso escolar 2025-2026 8:30h ESO<br \/>\n<strong>11 Jueves <\/strong> - Fiesta D\u00eda de Catalu\u00f1a<br \/>\n<strong>12 Viernes <\/strong> - Inicio del curso escolar CFGM. Presentaci\u00f3n a las 10h<br \/>\n<strong>24 Mi\u00e9rcoles<\/strong>\u00a0- \u00a0Fiesta Local de la Merc\u00e8<\/p>\n<\/div>\n<\/div>\n<div class=\"nes_calescolar\">\n<div class=\"nes_mes\">Octubre<\/div>\n<div class=\"nes_dies\">\n<p><strong>10 Viernes <\/strong>- D\u00eda de libre disposici\u00f3n<\/p>\n<\/div>\n<\/div>\n<div class=\"nes_calescolar\">\n<div class=\"nes_mes\">Noviembre<\/div>\n<div class=\"nes_dies\">\n<p><strong>03 Lunes<\/strong>\u00a0- D\u00eda de libre disposici\u00f3n<\/p>\n<\/div>\n<\/div>\n<div class=\"nes_calescolar\">\n<div class=\"nes_mes\">Diciembre<\/div>\n<div class=\"nes_dies\">\n<p><strong>08 Lunes <\/strong>\u00a0- Festivo de la Inmaculada Concepci\u00f3n<br \/>\n<strong>20 S\u00e1bado\u00a0 <\/strong>- Inicio de las vacaciones de Navidad<\/p>\n<\/div>\n<\/div>\n<div class=\"nes_calescolar\">\n<div class=\"nes_mes\">Enero<\/div>\n<div class=\"nes_dies\">\n<p><strong>08 Jueves<\/strong>\u00a0- Inicio de las clases despu\u00e9s de Navidades<\/p>\n<\/div>\n<\/div>\n<div class=\"nes_calescolar\">\n<div class=\"nes_mes\">Febrero<\/div>\n<div class=\"nes_dies\">\n<p><strong>16 Lunes<\/strong> - D\u00eda de libre disposici\u00f3n<strong><br \/>\n<\/strong><\/p>\n<\/div>\n<\/div>\n<div class=\"nes_calescolar\">\n<div class=\"nes_mes\">Marzo<\/div>\n<div><\/div>\n<div class=\"nes_dies\">\n<strong>28 S\u00e1bado <\/strong>- Inicio vacaciones de Semana Santa\n<\/div>\n<\/div>\n<div class=\"nes_calescolar\">\n<div><\/div>\n<div class=\"nes_mes\">Abril<\/div>\n<div class=\"nes_dies\">\n<p><strong>07 Martes <\/strong>- Inicio clases despu\u00e9s de Semana Santa<\/p>\n<\/div>\n<\/div>\n<div class=\"nes_calescolar\">\n<div class=\"nes_mes\">Mayo<\/div>\n<div class=\"nes_dies\">\n<p><strong>22 Viernes <\/strong>- D\u00eda de libre disposici\u00f3n<br \/>\n<strong>25 Lunes <\/strong>- Festivo Segunda Pascua<\/p>\n<\/div>\n<\/div>\n<div class=\"nes_calescolar\">\n<div class=\"nes_mes\">Junio<\/div>\n<div class=\"nes_dies\">\n<p><strong>19 Viernes - <\/strong> \u00daltimo d\u00eda de clase<\/p>\n<\/div>\n<\/div>\n<\/div>\n<\/div><\/div><\/div><\/div><\/div><\/div>","protected":false},"excerpt":{"rendered":"<p>En el a\u00f1o 1960, en Barcelona, la Sra. Leonor Garuz Blanco fund\u00f3 la ACADEMIA MOLINA en el barrio de Hostafrancs.Este&#8230;<\/p>\n","protected":false},"author":1,"featured_media":87,"parent":0,"menu_order":0,"comment_status":"closed","ping_status":"closed","template":"page-templates\/sidebar-excluded.php","meta":{"footnotes":""},"class_list":["post-2","page","type-page","status-publish","has-post-thumbnail","hentry"],"yoast_head":"<!-- This site is optimized with the Yoast SEO plugin v27.2 - https:\/\/yoast.com\/product\/yoast-seo-wordpress\/ -->\n<title>Nosotros - Centros de ense\u00f1anza<\/title>\n<meta name=\"robots\" content=\"index, follow, max-snippet:-1, max-image-preview:large, max-video-preview:-1\" \/>\n<link rel=\"canonical\" href=\"https:\/\/centresmolina.com\/centreensenyament\/es\/nosotros\/\" \/>\n<meta property=\"og:locale\" content=\"es_ES\" \/>\n<meta property=\"og:type\" content=\"article\" \/>\n<meta property=\"og:title\" content=\"Nosotros - Centros de ense\u00f1anza\" \/>\n<meta property=\"og:description\" content=\"En el a\u00f1o 1960, en Barcelona, la Sra. Leonor Garuz Blanco fund\u00f3 la ACADEMIA MOLINA en el barrio de Hostafrancs.Este...\" \/>\n<meta property=\"og:url\" content=\"https:\/\/centresmolina.com\/centreensenyament\/es\/nosotros\/\" \/>\n<meta property=\"og:site_name\" content=\"Centros de ense\u00f1anza\" \/>\n<meta property=\"article:modified_time\" content=\"2025-10-16T08:56:31+00:00\" \/>\n<meta property=\"og:image\" content=\"http:\/\/centresmolina.com\/centreensenyament\/files\/2014\/05\/banner.png\" \/>\n\t<meta property=\"og:image:width\" content=\"1400\" \/>\n\t<meta property=\"og:image:height\" content=\"575\" \/>\n\t<meta property=\"og:image:type\" content=\"image\/png\" \/>\n<meta name=\"twitter:label1\" content=\"Tiempo de lectura\" \/>\n\t<meta name=\"twitter:data1\" content=\"4 minutos\" \/>\n<script type=\"application\/ld+json\" class=\"yoast-schema-graph\">{\"@context\":\"https:\/\/schema.org\",\"@graph\":[{\"@type\":\"WebPage\",\"@id\":\"https:\/\/centresmolina.com\/centreensenyament\/es\/nosotros\/\",\"url\":\"https:\/\/centresmolina.com\/centreensenyament\/es\/nosotros\/\",\"name\":\"Nosotros - Centros de ense\u00f1anza\",\"isPartOf\":{\"@id\":\"https:\/\/centresmolina.com\/centreensenyament\/#website\"},\"primaryImageOfPage\":{\"@id\":\"https:\/\/centresmolina.com\/centreensenyament\/es\/nosotros\/#primaryimage\"},\"image\":{\"@id\":\"https:\/\/centresmolina.com\/centreensenyament\/es\/nosotros\/#primaryimage\"},\"thumbnailUrl\":\"https:\/\/centresmolina.com\/centreensenyament\/files\/2014\/05\/banner.png\",\"datePublished\":\"2014-05-12T11:56:57+00:00\",\"dateModified\":\"2025-10-16T08:56:31+00:00\",\"breadcrumb\":{\"@id\":\"https:\/\/centresmolina.com\/centreensenyament\/es\/nosotros\/#breadcrumb\"},\"inLanguage\":\"es\",\"potentialAction\":[{\"@type\":\"ReadAction\",\"target\":[\"https:\/\/centresmolina.com\/centreensenyament\/es\/nosotros\/\"]}]},{\"@type\":\"ImageObject\",\"inLanguage\":\"es\",\"@id\":\"https:\/\/centresmolina.com\/centreensenyament\/es\/nosotros\/#primaryimage\",\"url\":\"https:\/\/centresmolina.com\/centreensenyament\/files\/2014\/05\/banner.png\",\"contentUrl\":\"https:\/\/centresmolina.com\/centreensenyament\/files\/2014\/05\/banner.png\",\"width\":1400,\"height\":575},{\"@type\":\"BreadcrumbList\",\"@id\":\"https:\/\/centresmolina.com\/centreensenyament\/es\/nosotros\/#breadcrumb\",\"itemListElement\":[{\"@type\":\"ListItem\",\"position\":1,\"name\":\"Portada\",\"item\":\"https:\/\/centresmolina.com\/centreensenyament\/es\/\"},{\"@type\":\"ListItem\",\"position\":2,\"name\":\"Nosotros\"}]},{\"@type\":\"WebSite\",\"@id\":\"https:\/\/centresmolina.com\/centreensenyament\/#website\",\"url\":\"https:\/\/centresmolina.com\/centreensenyament\/\",\"name\":\"Centros de ense\u00f1anza\",\"description\":\"Centres Molina - Centros de ense\u00f1anza\",\"potentialAction\":[{\"@type\":\"SearchAction\",\"target\":{\"@type\":\"EntryPoint\",\"urlTemplate\":\"https:\/\/centresmolina.com\/centreensenyament\/?s={search_term_string}\"},\"query-input\":{\"@type\":\"PropertyValueSpecification\",\"valueRequired\":true,\"valueName\":\"search_term_string\"}}],\"inLanguage\":\"es\"}]}<\/script>\n<!-- \/ Yoast SEO plugin. -->","yoast_head_json":{"title":"Nosotros - Centros de ense\u00f1anza","robots":{"index":"index","follow":"follow","max-snippet":"max-snippet:-1","max-image-preview":"max-image-preview:large","max-video-preview":"max-video-preview:-1"},"canonical":"https:\/\/centresmolina.com\/centreensenyament\/es\/nosotros\/","og_locale":"es_ES","og_type":"article","og_title":"Nosotros - Centros de ense\u00f1anza","og_description":"En el a\u00f1o 1960, en Barcelona, la Sra. Leonor Garuz Blanco fund\u00f3 la ACADEMIA MOLINA en el barrio de Hostafrancs.Este...","og_url":"https:\/\/centresmolina.com\/centreensenyament\/es\/nosotros\/","og_site_name":"Centros de ense\u00f1anza","article_modified_time":"2025-10-16T08:56:31+00:00","og_image":[{"width":1400,"height":575,"url":"http:\/\/centresmolina.com\/centreensenyament\/files\/2014\/05\/banner.png","type":"image\/png"}],"twitter_misc":{"Tiempo de lectura":"4 minutos"},"schema":{"@context":"https:\/\/schema.org","@graph":[{"@type":"WebPage","@id":"https:\/\/centresmolina.com\/centreensenyament\/es\/nosotros\/","url":"https:\/\/centresmolina.com\/centreensenyament\/es\/nosotros\/","name":"Nosotros - Centros de ense\u00f1anza","isPartOf":{"@id":"https:\/\/centresmolina.com\/centreensenyament\/#website"},"primaryImageOfPage":{"@id":"https:\/\/centresmolina.com\/centreensenyament\/es\/nosotros\/#primaryimage"},"image":{"@id":"https:\/\/centresmolina.com\/centreensenyament\/es\/nosotros\/#primaryimage"},"thumbnailUrl":"https:\/\/centresmolina.com\/centreensenyament\/files\/2014\/05\/banner.png","datePublished":"2014-05-12T11:56:57+00:00","dateModified":"2025-10-16T08:56:31+00:00","breadcrumb":{"@id":"https:\/\/centresmolina.com\/centreensenyament\/es\/nosotros\/#breadcrumb"},"inLanguage":"es","potentialAction":[{"@type":"ReadAction","target":["https:\/\/centresmolina.com\/centreensenyament\/es\/nosotros\/"]}]},{"@type":"ImageObject","inLanguage":"es","@id":"https:\/\/centresmolina.com\/centreensenyament\/es\/nosotros\/#primaryimage","url":"https:\/\/centresmolina.com\/centreensenyament\/files\/2014\/05\/banner.png","contentUrl":"https:\/\/centresmolina.com\/centreensenyament\/files\/2014\/05\/banner.png","width":1400,"height":575},{"@type":"BreadcrumbList","@id":"https:\/\/centresmolina.com\/centreensenyament\/es\/nosotros\/#breadcrumb","itemListElement":[{"@type":"ListItem","position":1,"name":"Portada","item":"https:\/\/centresmolina.com\/centreensenyament\/es\/"},{"@type":"ListItem","position":2,"name":"Nosotros"}]},{"@type":"WebSite","@id":"https:\/\/centresmolina.com\/centreensenyament\/#website","url":"https:\/\/centresmolina.com\/centreensenyament\/","name":"Centros de ense\u00f1anza","description":"Centres Molina - Centros de ense\u00f1anza","potentialAction":[{"@type":"SearchAction","target":{"@type":"EntryPoint","urlTemplate":"https:\/\/centresmolina.com\/centreensenyament\/?s={search_term_string}"},"query-input":{"@type":"PropertyValueSpecification","valueRequired":true,"valueName":"search_term_string"}}],"inLanguage":"es"}]}},"_links":{"self":[{"href":"https:\/\/centresmolina.com\/centreensenyament\/es\/wp-json\/wp\/v2\/pages\/2\/"}],"collection":[{"href":"https:\/\/centresmolina.com\/centreensenyament\/es\/wp-json\/wp\/v2\/pages\/"}],"about":[{"href":"https:\/\/centresmolina.com\/centreensenyament\/es\/wp-json\/wp\/v2\/types\/page\/"}],"author":[{"embeddable":true,"href":"https:\/\/centresmolina.com\/centreensenyament\/es\/wp-json\/wp\/v2\/users\/1\/"}],"replies":[{"embeddable":true,"href":"https:\/\/centresmolina.com\/centreensenyament\/es\/wp-json\/wp\/v2\/comments\/?post=2"}],"version-history":[{"count":156,"href":"https:\/\/centresmolina.com\/centreensenyament\/es\/wp-json\/wp\/v2\/pages\/2\/revisions\/"}],"predecessor-version":[{"id":21770,"href":"https:\/\/centresmolina.com\/centreensenyament\/es\/wp-json\/wp\/v2\/pages\/2\/revisions\/21770\/"}],"wp:featuredmedia":[{"embeddable":true,"href":"https:\/\/centresmolina.com\/centreensenyament\/es\/wp-json\/wp\/v2\/media\/87\/"}],"wp:attachment":[{"href":"https:\/\/centresmolina.com\/centreensenyament\/es\/wp-json\/wp\/v2\/media\/?parent=2"}],"curies":[{"name":"wp","href":"https:\/\/api.w.org\/{rel}","templated":true}]}}