{"id":219,"date":"2014-06-11T09:04:05","date_gmt":"2014-06-11T09:04:05","guid":{"rendered":"http:\/\/centresmolina.com\/centreensenyament\/?page_id=219"},"modified":"2015-03-09T22:19:01","modified_gmt":"2015-03-09T22:19:01","slug":"accion-tutorial-diversidad","status":"publish","type":"page","link":"https:\/\/centresmolina.com\/centreensenyament\/es\/accion-tutorial-diversidad\/","title":{"rendered":"Acci\u00f3n tutorial \/ diversidad"},"content":{"rendered":"<div id=\"pl-219\"  class=\"panel-layout\" ><div id=\"pg-219-0\"  class=\"panel-grid panel-has-style\" ><div class=\"fonsblanc panel-row-style panel-row-style-for-219-0\" ><div id=\"pgc-219-0-0\"  class=\"panel-grid-cell\" ><div id=\"panel-219-0-0-0\" class=\"so-panel widget widget_black-studio-tinymce widget_black_studio_tinymce panel-first-child panel-last-child\" data-index=\"0\" ><div class=\"textwidget\"><p class=\"columnacont\"><a href=\"http:\/\/centresmolina.com\/centreensenyament\/files\/2014\/06\/accio-tutorial-1.jpg\"><img loading=\"lazy\" decoding=\"async\" class=\"imatge alignnone wp-image-737 size-full\" src=\"http:\/\/centresmolina.com\/centreensenyament\/files\/2014\/06\/accio-tutorial-1.jpg\" alt=\"\" width=\"1400\" height=\"575\" srcset=\"https:\/\/centresmolina.com\/centreensenyament\/files\/2014\/06\/accio-tutorial-1.jpg 1400w, https:\/\/centresmolina.com\/centreensenyament\/files\/2014\/06\/accio-tutorial-1-300x123.jpg 300w, https:\/\/centresmolina.com\/centreensenyament\/files\/2014\/06\/accio-tutorial-1-1024x421.jpg 1024w\" sizes=\"auto, (max-width: 1400px) 100vw, 1400px\" \/><\/a><\/p>\n<p class=\"columnacont\"><a href=\"http:\/\/centresmolina.com\/centreensenyament\/files\/2014\/06\/accio-tutorial2.jpg\"><img loading=\"lazy\" decoding=\"async\" class=\"imatge alignnone wp-image-738 size-full\" src=\"http:\/\/centresmolina.com\/centreensenyament\/files\/2014\/06\/accio-tutorial2.jpg\" alt=\"\" width=\"1400\" height=\"575\" srcset=\"https:\/\/centresmolina.com\/centreensenyament\/files\/2014\/06\/accio-tutorial2.jpg 1400w, https:\/\/centresmolina.com\/centreensenyament\/files\/2014\/06\/accio-tutorial2-300x123.jpg 300w, https:\/\/centresmolina.com\/centreensenyament\/files\/2014\/06\/accio-tutorial2-1024x421.jpg 1024w\" sizes=\"auto, (max-width: 1400px) 100vw, 1400px\" \/><\/a><\/p>\n<\/div><\/div><\/div><div id=\"pgc-219-0-1\"  class=\"panel-grid-cell\" ><div id=\"panel-219-0-1-0\" class=\"so-panel widget widget_black-studio-tinymce widget_black_studio_tinymce panel-first-child panel-last-child\" data-index=\"1\" ><div class=\"textwidget\"><div class=\"columnacont\">\n<h1>A tu lado en todas tus decisiones<\/h1>\n<p>Disponemos de un departamento de orientaci\u00f3n, responsable de impulsar la acci\u00f3n tutorial y coordinar la orientaci\u00f3n escolar de los alumnos. Tambi\u00e9n realiza la atenci\u00f3n a los alumnos con necesidades educativas especiales y colabora en la elaboraci\u00f3n de adaptaciones curriculares.<\/p>\n<p>En la escuela valoramos de manera significativa el seguimiento y acompa\u00f1amiento de los alumnos. El tutor\/a es el encargado\/da de su seguimiento personal, tanto en su vertiente acad\u00e9mica como de madurez personal, y act\u00faa de enlace entre la escuela y las familias.<\/p>\n<p>La acci\u00f3n tutorial tiene las siguientes finalidades:<\/p>\n<ul class=\"custom-lista\">\n<li><strong><span class=\"blau\">Transmisi\u00f3n de valores:<\/span><\/strong>\u00a0La escuela coge el compromiso de transmitir los valores del car\u00e1cter propio.<\/li>\n<li><strong><span class=\"blau\">Seguimiento personalizado:<\/span><\/strong>\u00a0Se informar\u00e1 a los padres de todos aquellos aspectos relevantes relacionados con el crecimiento del alumno, su comportamiento, su rendimiento y su integraci\u00f3n.<\/li>\n<li><strong><span class=\"blau\">Orientaci\u00f3n en relaci\u00f3n al mundo laboral:<\/span><\/strong>\u00a0Se ofrece una educaci\u00f3n orientada al propio conocimiento, d\u00e1ndole alternativas profesionales adecuadas a sus aptitudes e intereses.<\/li>\n<\/ul>\n<\/div>\n<\/div><\/div><\/div><\/div><\/div><div id=\"pg-219-1\"  class=\"panel-grid panel-has-style\" ><div class=\"fonsblaufosc panel-row-style panel-row-style-for-219-1\" ><div id=\"pgc-219-1-0\"  class=\"panel-grid-cell\" ><div id=\"panel-219-1-0-0\" class=\"so-panel widget widget_black-studio-tinymce widget_black_studio_tinymce panel-first-child panel-last-child\" data-index=\"2\" ><div class=\"textwidget\"><div class=\"columnacont\">\n<h1>La diferencia es un gran valor<\/h1>\n<p><strong>Cada persona tiene un ritmo de aprendizaje diferente. Por eso, la escuela atiende a cada alumno\/a de acuerdo a sus capacidades, intereses y expectativas. <\/strong><\/p>\n<p><strong>De la misma manera, nuestra escuela est\u00e1 siempre abierta para todos y cada uno de los alumnos que quieran formar parte, independientemente de su situaci\u00f3n personal, familiar, econ\u00f3mica, etc.<\/strong><\/p>\n<\/div>\n<\/div><\/div><\/div><div id=\"pgc-219-1-1\"  class=\"panel-grid-cell\" ><div id=\"panel-219-1-1-0\" class=\"so-panel widget widget_black-studio-tinymce widget_black_studio_tinymce panel-first-child panel-last-child\" data-index=\"3\" ><div class=\"textwidget\"><div class=\"columnacont\">\n<h1>Soporte a la educaci\u00f3n especial<\/h1>\n<p><strong>Independientemente de ser un centro que atiende a la diversidad y que dispone de una atenci\u00f3n especial para cada alumno, en cuanto al seguimiento y detecci\u00f3n de dificultades de todo tipo, nos caracterizamos por ser un centro con una unidad de soporte a la educaci\u00f3n especial con mucha experiencia.<\/strong><\/p>\n<p><a class=\"boto\" href=\"http:\/\/centresmolina.com\/centreensenyament\/servicios\/#soporte-especial\">M\u00e1s info<\/a><\/p>\n<\/div>\n<\/div><\/div><\/div><\/div><\/div><div id=\"pg-219-2\"  class=\"panel-grid panel-has-style\" ><div class=\"fonsblanc panel-row-style panel-row-style-for-219-2\" ><div id=\"pgc-219-2-0\"  class=\"panel-grid-cell\" ><div id=\"panel-219-2-0-0\" class=\"so-panel widget widget_black-studio-tinymce widget_black_studio_tinymce panel-first-child panel-last-child\" data-index=\"4\" ><div class=\"textwidget\"><div class=\"columnacont\">\n<p style=\"text-align: center;\"><img loading=\"lazy\" decoding=\"async\" class=\"alignnone wp-image-227 size-full\" src=\"http:\/\/centresmolina.com\/centreensenyament\/wp-content\/uploads\/sites\/2\/2014\/06\/speach.png\" alt=\"\" width=\"109\" height=\"108\" \/><\/p>\n<p style=\"text-align: center;\">\u00a0<\/p>\n<h1 style=\"text-align: left;\">Actividades de orientaci\u00f3n e inserci\u00f3n (PAT) - Plan de Acci\u00f3n Tutorial<\/h1>\n<p>A lo largo de todos los cursos, se lleva a cabo una tarea de seguimiento individualizado del alumno, donde se van analizando y detectando sus habilidades, preferencias y capacidades.<\/p>\n<p><strong><span class=\"blau\">Mediante el trabajo de s\u00edntesis y de investigaci\u00f3n, las pr\u00e1cticas en empresas y otras actividades se orienta al alumnado hacia el mundo laboral o para sus estudios de futuro.<\/span><\/strong><\/p>\n<\/div>\n<\/div><\/div><\/div><div id=\"pgc-219-2-1\"  class=\"panel-grid-cell\" ><div id=\"panel-219-2-1-0\" class=\"so-panel widget widget_black-studio-tinymce widget_black_studio_tinymce panel-first-child panel-last-child\" data-index=\"5\" ><div class=\"textwidget\"><div class=\"columnacont\">\n<p style=\"text-align: center;\"><img loading=\"lazy\" decoding=\"async\" class=\"alignnone wp-image-228 size-full\" src=\"http:\/\/centresmolina.com\/centreensenyament\/wp-content\/uploads\/sites\/2\/2014\/06\/book.png\" alt=\"\" width=\"109\" height=\"108\" \/><\/p>\n<p style=\"text-align: center;\">\u00a0<\/p>\n<h1>Atenci\u00f3n en el aula<\/h1>\n<p>El trabajo de este \u00e1mbito se realiza dentro del horario escolar y de forma individual o en peque\u00f1os grupos, en funci\u00f3n de cada caso. De esta manera nos aseguramos:\u00a0<\/p>\n<ul class=\"custom-lista\">\n<li>La detecci\u00f3n y seguimiento de dificultades en el proceso de aprendizaje.<\/li>\n<\/ul>\n<ul class=\"custom-lista\">\n<li>La reeducaci\u00f3n de las habilidades b\u00e1sicas y t\u00e9cnicas de estudio para el aprendizaje.<\/li>\n<li>El refuerzo de las competencias b\u00e1sicas.<\/li>\n<li>La acogida y realizaci\u00f3n de planes de trabajo individualizado, para facilitar la adaptaci\u00f3n y comprensi\u00f3n de nuestra lengua a los alumnos reci\u00e9n llegados.<\/li>\n<li>La atenci\u00f3n individualizada a los alumnos que necesitan ayuda.<\/li>\n<\/ul>\n<\/div><\/div><\/div><\/div><div id=\"pgc-219-2-2\"  class=\"panel-grid-cell\" ><div id=\"panel-219-2-2-0\" class=\"so-panel widget widget_black-studio-tinymce widget_black_studio_tinymce panel-first-child panel-last-child\" data-index=\"6\" ><div class=\"textwidget\"><div class=\"columnacont\">\n<p style=\"text-align: center;\"><img loading=\"lazy\" decoding=\"async\" class=\"alignnone wp-image-229 size-full\" src=\"http:\/\/centresmolina.com\/centreensenyament\/wp-content\/uploads\/sites\/2\/2014\/06\/lupa-ico.png\" alt=\"\" width=\"109\" height=\"108\" \/><\/p>\n<p style=\"text-align: center;\">\u00a0<\/p>\n<h1 style=\"text-align: left;\">Metodolog\u00edas adaptativas<\/h1>\n<p><span class=\"blau\"><strong>Grupos reducidos<\/strong><br \/><\/span>Es una forma de trabajo en grupo que, adem\u00e1s de potenciar la cooperaci\u00f3n, facilita el aprendizaje atendiendo la diversidad de los alumnos.<\/p>\n<p><span class=\"blau\"><strong>Estrategias de aprendizaje<\/strong><br \/><\/span>Ense\u00f1amos a los alumnos a aplicar diversos recursos: organizar la informaci\u00f3n, sintetizar, comparar\u2026, para que puedan mejorar su manera de aprender.<\/p>\n<p><span class=\"blau\"><strong>Reeducaci\u00f3n de las dificultades en el aprendizaje<\/strong><br \/><\/span>Detecci\u00f3n de las dificultades de aprendizaje de los alumnos y tratamiento en grupos reducidos.<\/p>\n<p><em>Modificaciones y Adaptaciones Curriculares Individualizadas<\/em><\/p>\n<\/div>\n<\/div><\/div><\/div><\/div><\/div><\/div>","protected":false},"excerpt":{"rendered":"<p>A tu lado en todas tus decisionesDisponemos de un departamento de orientaci\u00f3n, responsable de impulsar la acci\u00f3n tutorial y coordinar&#8230;<\/p>\n","protected":false},"author":1,"featured_media":0,"parent":0,"menu_order":0,"comment_status":"closed","ping_status":"closed","template":"page-templates\/sidebar-excluded.php","meta":{"footnotes":""},"class_list":["post-219","page","type-page","status-publish","hentry"],"yoast_head":"<!-- This site is optimized with the Yoast SEO plugin v27.2 - https:\/\/yoast.com\/product\/yoast-seo-wordpress\/ -->\n<title>Acci\u00f3n tutorial \/ diversidad - Centros de ense\u00f1anza<\/title>\n<meta name=\"robots\" content=\"index, follow, max-snippet:-1, max-image-preview:large, max-video-preview:-1\" \/>\n<link rel=\"canonical\" href=\"https:\/\/centresmolina.com\/centreensenyament\/accio-tutorial-diversitat\/\" \/>\n<meta property=\"og:locale\" content=\"es_ES\" \/>\n<meta property=\"og:type\" content=\"article\" \/>\n<meta property=\"og:title\" content=\"Acci\u00f3n tutorial \/ diversidad - Centros de ense\u00f1anza\" \/>\n<meta property=\"og:description\" content=\"A tu lado en todas tus decisionesDisponemos de un departamento de orientaci\u00f3n, responsable de impulsar la acci\u00f3n tutorial y coordinar...\" \/>\n<meta property=\"og:url\" content=\"https:\/\/centresmolina.com\/centreensenyament\/accio-tutorial-diversitat\/\" \/>\n<meta property=\"og:site_name\" content=\"Centros de ense\u00f1anza\" \/>\n<meta property=\"article:modified_time\" content=\"2015-03-09T22:19:01+00:00\" \/>\n<meta property=\"og:image\" content=\"http:\/\/centresmolina.com\/centreensenyament\/files\/2014\/06\/accio-tutorial-1.jpg\" \/>\n<meta name=\"twitter:label1\" content=\"Tiempo de lectura\" \/>\n\t<meta name=\"twitter:data1\" content=\"3 minutos\" \/>\n<script type=\"application\/ld+json\" class=\"yoast-schema-graph\">{\"@context\":\"https:\/\/schema.org\",\"@graph\":[{\"@type\":\"WebPage\",\"@id\":\"https:\/\/centresmolina.com\/centreensenyament\/accio-tutorial-diversitat\/\",\"url\":\"https:\/\/centresmolina.com\/centreensenyament\/accio-tutorial-diversitat\/\",\"name\":\"Acci\u00f3n tutorial \/ diversidad - Centros de ense\u00f1anza\",\"isPartOf\":{\"@id\":\"https:\/\/centresmolina.com\/centreensenyament\/#website\"},\"primaryImageOfPage\":{\"@id\":\"https:\/\/centresmolina.com\/centreensenyament\/accio-tutorial-diversitat\/#primaryimage\"},\"image\":{\"@id\":\"https:\/\/centresmolina.com\/centreensenyament\/accio-tutorial-diversitat\/#primaryimage\"},\"thumbnailUrl\":\"http:\/\/centresmolina.com\/centreensenyament\/files\/2014\/06\/accio-tutorial-1.jpg\",\"datePublished\":\"2014-06-11T09:04:05+00:00\",\"dateModified\":\"2015-03-09T22:19:01+00:00\",\"breadcrumb\":{\"@id\":\"https:\/\/centresmolina.com\/centreensenyament\/accio-tutorial-diversitat\/#breadcrumb\"},\"inLanguage\":\"es\",\"potentialAction\":[{\"@type\":\"ReadAction\",\"target\":[\"https:\/\/centresmolina.com\/centreensenyament\/accio-tutorial-diversitat\/\"]}]},{\"@type\":\"ImageObject\",\"inLanguage\":\"es\",\"@id\":\"https:\/\/centresmolina.com\/centreensenyament\/accio-tutorial-diversitat\/#primaryimage\",\"url\":\"http:\/\/centresmolina.com\/centreensenyament\/files\/2014\/06\/accio-tutorial-1.jpg\",\"contentUrl\":\"http:\/\/centresmolina.com\/centreensenyament\/files\/2014\/06\/accio-tutorial-1.jpg\"},{\"@type\":\"BreadcrumbList\",\"@id\":\"https:\/\/centresmolina.com\/centreensenyament\/accio-tutorial-diversitat\/#breadcrumb\",\"itemListElement\":[{\"@type\":\"ListItem\",\"position\":1,\"name\":\"Portada\",\"item\":\"https:\/\/centresmolina.com\/centreensenyament\/es\/\"},{\"@type\":\"ListItem\",\"position\":2,\"name\":\"Acci\u00f3n tutorial \/ diversidad\"}]},{\"@type\":\"WebSite\",\"@id\":\"https:\/\/centresmolina.com\/centreensenyament\/#website\",\"url\":\"https:\/\/centresmolina.com\/centreensenyament\/\",\"name\":\"Centros de ense\u00f1anza\",\"description\":\"Centres Molina - Centros de ense\u00f1anza\",\"potentialAction\":[{\"@type\":\"SearchAction\",\"target\":{\"@type\":\"EntryPoint\",\"urlTemplate\":\"https:\/\/centresmolina.com\/centreensenyament\/?s={search_term_string}\"},\"query-input\":{\"@type\":\"PropertyValueSpecification\",\"valueRequired\":true,\"valueName\":\"search_term_string\"}}],\"inLanguage\":\"es\"}]}<\/script>\n<!-- \/ Yoast SEO plugin. -->","yoast_head_json":{"title":"Acci\u00f3n tutorial \/ diversidad - Centros de ense\u00f1anza","robots":{"index":"index","follow":"follow","max-snippet":"max-snippet:-1","max-image-preview":"max-image-preview:large","max-video-preview":"max-video-preview:-1"},"canonical":"https:\/\/centresmolina.com\/centreensenyament\/accio-tutorial-diversitat\/","og_locale":"es_ES","og_type":"article","og_title":"Acci\u00f3n tutorial \/ diversidad - Centros de ense\u00f1anza","og_description":"A tu lado en todas tus decisionesDisponemos de un departamento de orientaci\u00f3n, responsable de impulsar la acci\u00f3n tutorial y coordinar...","og_url":"https:\/\/centresmolina.com\/centreensenyament\/accio-tutorial-diversitat\/","og_site_name":"Centros de ense\u00f1anza","article_modified_time":"2015-03-09T22:19:01+00:00","og_image":[{"url":"http:\/\/centresmolina.com\/centreensenyament\/files\/2014\/06\/accio-tutorial-1.jpg","type":"","width":"","height":""}],"twitter_misc":{"Tiempo de lectura":"3 minutos"},"schema":{"@context":"https:\/\/schema.org","@graph":[{"@type":"WebPage","@id":"https:\/\/centresmolina.com\/centreensenyament\/accio-tutorial-diversitat\/","url":"https:\/\/centresmolina.com\/centreensenyament\/accio-tutorial-diversitat\/","name":"Acci\u00f3n tutorial \/ diversidad - Centros de ense\u00f1anza","isPartOf":{"@id":"https:\/\/centresmolina.com\/centreensenyament\/#website"},"primaryImageOfPage":{"@id":"https:\/\/centresmolina.com\/centreensenyament\/accio-tutorial-diversitat\/#primaryimage"},"image":{"@id":"https:\/\/centresmolina.com\/centreensenyament\/accio-tutorial-diversitat\/#primaryimage"},"thumbnailUrl":"http:\/\/centresmolina.com\/centreensenyament\/files\/2014\/06\/accio-tutorial-1.jpg","datePublished":"2014-06-11T09:04:05+00:00","dateModified":"2015-03-09T22:19:01+00:00","breadcrumb":{"@id":"https:\/\/centresmolina.com\/centreensenyament\/accio-tutorial-diversitat\/#breadcrumb"},"inLanguage":"es","potentialAction":[{"@type":"ReadAction","target":["https:\/\/centresmolina.com\/centreensenyament\/accio-tutorial-diversitat\/"]}]},{"@type":"ImageObject","inLanguage":"es","@id":"https:\/\/centresmolina.com\/centreensenyament\/accio-tutorial-diversitat\/#primaryimage","url":"http:\/\/centresmolina.com\/centreensenyament\/files\/2014\/06\/accio-tutorial-1.jpg","contentUrl":"http:\/\/centresmolina.com\/centreensenyament\/files\/2014\/06\/accio-tutorial-1.jpg"},{"@type":"BreadcrumbList","@id":"https:\/\/centresmolina.com\/centreensenyament\/accio-tutorial-diversitat\/#breadcrumb","itemListElement":[{"@type":"ListItem","position":1,"name":"Portada","item":"https:\/\/centresmolina.com\/centreensenyament\/es\/"},{"@type":"ListItem","position":2,"name":"Acci\u00f3n tutorial \/ diversidad"}]},{"@type":"WebSite","@id":"https:\/\/centresmolina.com\/centreensenyament\/#website","url":"https:\/\/centresmolina.com\/centreensenyament\/","name":"Centros de ense\u00f1anza","description":"Centres Molina - Centros de ense\u00f1anza","potentialAction":[{"@type":"SearchAction","target":{"@type":"EntryPoint","urlTemplate":"https:\/\/centresmolina.com\/centreensenyament\/?s={search_term_string}"},"query-input":{"@type":"PropertyValueSpecification","valueRequired":true,"valueName":"search_term_string"}}],"inLanguage":"es"}]}},"_links":{"self":[{"href":"https:\/\/centresmolina.com\/centreensenyament\/es\/wp-json\/wp\/v2\/pages\/219\/"}],"collection":[{"href":"https:\/\/centresmolina.com\/centreensenyament\/es\/wp-json\/wp\/v2\/pages\/"}],"about":[{"href":"https:\/\/centresmolina.com\/centreensenyament\/es\/wp-json\/wp\/v2\/types\/page\/"}],"author":[{"embeddable":true,"href":"https:\/\/centresmolina.com\/centreensenyament\/es\/wp-json\/wp\/v2\/users\/1\/"}],"replies":[{"embeddable":true,"href":"https:\/\/centresmolina.com\/centreensenyament\/es\/wp-json\/wp\/v2\/comments\/?post=219"}],"version-history":[{"count":36,"href":"https:\/\/centresmolina.com\/centreensenyament\/es\/wp-json\/wp\/v2\/pages\/219\/revisions\/"}],"predecessor-version":[{"id":787,"href":"https:\/\/centresmolina.com\/centreensenyament\/es\/wp-json\/wp\/v2\/pages\/219\/revisions\/787\/"}],"wp:attachment":[{"href":"https:\/\/centresmolina.com\/centreensenyament\/es\/wp-json\/wp\/v2\/media\/?parent=219"}],"curies":[{"name":"wp","href":"https:\/\/api.w.org\/{rel}","templated":true}]}}