{"id":319,"date":"2014-06-20T11:12:13","date_gmt":"2014-06-20T11:12:13","guid":{"rendered":"http:\/\/centresmolina.com\/centreensenyament\/?page_id=319"},"modified":"2020-03-04T11:45:51","modified_gmt":"2020-03-04T11:45:51","slug":"contacte","status":"publish","type":"page","link":"https:\/\/centresmolina.com\/centreensenyament\/contacte\/","title":{"rendered":"Contacte"},"content":{"rendered":"<div id=\"pl-319\"  class=\"panel-layout\" ><div id=\"pg-319-0\"  class=\"panel-grid panel-no-style\" ><div id=\"pgc-319-0-0\"  class=\"panel-grid-cell\" ><div id=\"panel-319-0-0-0\" class=\"so-panel widget widget_black-studio-tinymce widget_black_studio_tinymce panel-first-child panel-last-child\" data-index=\"0\" ><div class=\"textwidget\"><div style=\"height: 52px;\">\u00a0<\/div>\n<\/div><\/div><\/div><\/div><div id=\"pg-319-1\"  class=\"panel-grid panel-has-style\" ><div class=\"fonsbody panel-row-style panel-row-style-for-319-1\" ><div id=\"pgc-319-1-0\"  class=\"panel-grid-cell\" ><div id=\"panel-319-1-0-0\" class=\"so-panel widget widget_black-studio-tinymce widget_black_studio_tinymce panel-first-child panel-last-child\" data-index=\"1\" ><div class=\"textwidget\"><div class=\"columnacont\" data-iguala=\"5\"><img loading=\"lazy\" decoding=\"async\" class=\"iconbox alignnone wp-image-431 size-full\" src=\"http:\/\/centresmolina.com\/centreensenyament\/wp-content\/uploads\/sites\/2\/2014\/05\/aroba.png\" alt=\"aroba\" width=\"103\" height=\"81\" data-id=\"431\" \/><\/p>\n<p style=\"text-align: center;\">Si desitges m\u00e9s informaci\u00f3 o vols fer-nos arribar la teva consulta, envia'ns les teves dades i ens posarem en contacte el m\u00e9s aviat possible.\u00a0\n<div class=\"wpcf7 no-js\" id=\"wpcf7-f470-o1\" lang=\"es-ES\" dir=\"ltr\" data-wpcf7-id=\"470\">\n<div class=\"screen-reader-response\"><p role=\"status\" aria-live=\"polite\" aria-atomic=\"true\"><\/p> <ul><\/ul><\/div>\n<form action=\"\/centreensenyament\/wp-json\/wp\/v2\/pages\/319#wpcf7-f470-o1\" method=\"post\" class=\"wpcf7-form init\" aria-label=\"Formulario de contacto\" novalidate=\"novalidate\" data-status=\"init\">\n<fieldset class=\"hidden-fields-container\"><input type=\"hidden\" name=\"_wpcf7\" value=\"470\" \/><input type=\"hidden\" name=\"_wpcf7_version\" value=\"6.1.5\" \/><input type=\"hidden\" name=\"_wpcf7_locale\" value=\"es_ES\" \/><input type=\"hidden\" name=\"_wpcf7_unit_tag\" value=\"wpcf7-f470-o1\" \/><input type=\"hidden\" name=\"_wpcf7_container_post\" value=\"0\" \/><input type=\"hidden\" name=\"_wpcf7_posted_data_hash\" value=\"\" \/><input type=\"hidden\" name=\"_wpcf7_recaptcha_response\" value=\"\" \/>\n<\/fieldset>\n<p><span class=\"wpcf7-form-control-wrap\" data-name=\"your-name\"><input size=\"40\" maxlength=\"400\" class=\"wpcf7-form-control wpcf7-text wpcf7-validates-as-required\" aria-required=\"true\" aria-invalid=\"false\" placeholder=\"Nom i cognoms\" value=\"\" type=\"text\" name=\"your-name\" \/><\/span>\n<\/p>\n<p><span class=\"wpcf7-form-control-wrap\" data-name=\"your-email\"><input size=\"40\" maxlength=\"400\" class=\"wpcf7-form-control wpcf7-email wpcf7-validates-as-required wpcf7-text wpcf7-validates-as-email\" aria-required=\"true\" aria-invalid=\"false\" placeholder=\"e-mail\" value=\"\" type=\"email\" name=\"your-email\" \/><\/span>\n<\/p>\n<p><span class=\"wpcf7-form-control-wrap\" data-name=\"tel-79\"><input size=\"40\" maxlength=\"400\" class=\"wpcf7-form-control wpcf7-tel wpcf7-text wpcf7-validates-as-tel\" aria-invalid=\"false\" placeholder=\"Tel\u00e8fon\" value=\"\" type=\"tel\" name=\"tel-79\" \/><\/span>\n<\/p>\n<p><span class=\"wpcf7-form-control-wrap\" data-name=\"your-subject\"><input size=\"40\" maxlength=\"400\" class=\"wpcf7-form-control wpcf7-text\" aria-invalid=\"false\" placeholder=\"Assumpte\" value=\"\" type=\"text\" name=\"your-subject\" \/><\/span>\n<\/p>\n<p><span class=\"wpcf7-form-control-wrap\" data-name=\"your-message\"><textarea cols=\"40\" rows=\"10\" maxlength=\"2000\" class=\"wpcf7-form-control wpcf7-textarea\" aria-invalid=\"false\" placeholder=\"Missatge\" name=\"your-message\"><\/textarea><\/span>\n<\/p>\n<p><span class=\"wpcf7-form-control-wrap\" data-name=\"acceptance-590\"><span class=\"wpcf7-form-control wpcf7-acceptance\"><span class=\"wpcf7-list-item\"><input type=\"checkbox\" name=\"acceptance-590\" value=\"1\" aria-invalid=\"false\" \/><\/span><\/span><\/span> Accepto la <a href=\"http:\/\/centresmolina.com\/centreensenyament\/clausula-formulario-web\/\" target=\"_blank\"> clausula del formulari web <\/a>\n<\/p>\n<p><input class=\"wpcf7-form-control wpcf7-submit has-spinner boto\" type=\"submit\" value=\"Enviar\" \/>\n<\/p><p style=\"display: none !important;\" class=\"akismet-fields-container\" data-prefix=\"_wpcf7_ak_\"><label>&#916;<textarea name=\"_wpcf7_ak_hp_textarea\" cols=\"45\" rows=\"8\" maxlength=\"100\"><\/textarea><\/label><input type=\"hidden\" id=\"ak_js_1\" name=\"_wpcf7_ak_js\" value=\"136\"\/><script>document.getElementById( \"ak_js_1\" ).setAttribute( \"value\", ( new Date() ).getTime() );<\/script><\/p><div class=\"wpcf7-response-output\" aria-hidden=\"true\"><\/div>\n<\/form>\n<\/div>\n<\/p>\n<\/div>\n<\/div><\/div><\/div><div id=\"pgc-319-1-1\"  class=\"panel-grid-cell\" ><div id=\"panel-319-1-1-0\" class=\"so-panel widget widget_black-studio-tinymce widget_black_studio_tinymce panel-first-child panel-last-child\" data-index=\"2\" ><div class=\"textwidget\"><div class=\"columnacont\" data-iguala=\"5\">\n<h1>Aprop teu en tots els sentits<\/h1>\n<p><strong>MOLINA Centres d'Ensenyament<\/strong><\/p>\n<p>c\/Lorena 61-63<br \/>\n08042 Barcelona<br \/>\nT. 93 353 38 10<br \/>\n93 359 39 39<br \/>\nF. 93 353 19 23<\/p>\n<p><a href=\"mailto:secretaria@centresmolina.com\">secretaria@centresmolina.com<\/a><br \/>\nwww.centresmolina.com<\/p>\n<p><strong>Centres vinculats:<\/strong><\/p>\n<p><img loading=\"lazy\" decoding=\"async\" class=\"alignnone size-full wp-image-436\" src=\"http:\/\/centresmolina.com\/centreensenyament\/wp-content\/uploads\/sites\/2\/2014\/05\/grey.png\" alt=\"grey\" width=\"227\" height=\"74\" data-id=\"436\" \/><img loading=\"lazy\" decoding=\"async\" class=\"alignnone size-full wp-image-437\" src=\"http:\/\/centresmolina.com\/centreensenyament\/wp-content\/uploads\/sites\/2\/2014\/05\/princeps.png\" alt=\"princeps\" width=\"238\" height=\"91\" data-id=\"437\" \/><\/div>\n<\/div><\/div><\/div><\/div><\/div><div id=\"pg-319-2\"  class=\"panel-grid panel-has-style\" ><div class=\"nopadding panel-row-style panel-row-style-for-319-2\" ><div id=\"pgc-319-2-0\"  class=\"panel-grid-cell\" ><div id=\"panel-319-2-0-0\" class=\"so-panel widget widget_black-studio-tinymce widget_black_studio_tinymce panel-first-child panel-last-child\" data-index=\"3\" ><div class=\"textwidget\"><p><iframe loading=\"lazy\" style=\"border: 0;\" src=\"https:\/\/www.google.com\/maps\/embed?pb=!1m18!1m12!1m3!1d2991.081656975258!2d2.1725899000000064!3d41.43744979999997!2m3!1f0!2f0!3f0!3m2!1i1024!2i768!4f13.1!3m3!1m2!1s0x12a4bd3cee1bf737%3A0x62afa65b93ce345e!2sCarrer+de+Lorena%2C+61!5e0!3m2!1sca!2ses!4v1400499052108\" width=\"600\" height=\"450\" frameborder=\"0\"><\/iframe><\/p><\/div><\/div><\/div><\/div><\/div><\/div>","protected":false},"excerpt":{"rendered":"<p>\u00a0 Si desitges m\u00e9s informaci\u00f3 o vols fer-nos arribar la teva consulta, envia&#8217;ns les teves dades i ens posarem en&#8230;<\/p>\n","protected":false},"author":1,"featured_media":0,"parent":0,"menu_order":0,"comment_status":"closed","ping_status":"closed","template":"page-templates\/sidebar-excluded.php","meta":{"footnotes":""},"class_list":["post-319","page","type-page","status-publish","hentry"],"yoast_head":"<!-- This site is optimized with the Yoast SEO plugin v27.2 - https:\/\/yoast.com\/product\/yoast-seo-wordpress\/ -->\n<title>Contacte - Centros de ense\u00f1anza<\/title>\n<meta name=\"robots\" content=\"index, follow, max-snippet:-1, max-image-preview:large, max-video-preview:-1\" \/>\n<link rel=\"canonical\" href=\"https:\/\/centresmolina.com\/centreensenyament\/contacte\/\" \/>\n<meta property=\"og:locale\" content=\"ca_ES\" \/>\n<meta property=\"og:type\" content=\"article\" \/>\n<meta property=\"og:title\" content=\"Contacte - Centros de ense\u00f1anza\" \/>\n<meta property=\"og:description\" content=\"\u00a0 Si desitges m\u00e9s informaci\u00f3 o vols fer-nos arribar la teva consulta, envia&#039;ns les teves dades i ens posarem en...\" \/>\n<meta property=\"og:url\" content=\"https:\/\/centresmolina.com\/centreensenyament\/contacte\/\" \/>\n<meta property=\"og:site_name\" content=\"Centros de ense\u00f1anza\" \/>\n<meta property=\"article:modified_time\" content=\"2020-03-04T11:45:51+00:00\" \/>\n<meta property=\"og:image\" content=\"http:\/\/centresmolina.com\/centreensenyament\/wp-content\/uploads\/sites\/2\/2014\/05\/aroba.png\" \/>\n<script type=\"application\/ld+json\" class=\"yoast-schema-graph\">{\"@context\":\"https:\/\/schema.org\",\"@graph\":[{\"@type\":\"WebPage\",\"@id\":\"https:\/\/centresmolina.com\/centreensenyament\/contacte\/\",\"url\":\"https:\/\/centresmolina.com\/centreensenyament\/contacte\/\",\"name\":\"Contacte - Centros de ense\u00f1anza\",\"isPartOf\":{\"@id\":\"https:\/\/centresmolina.com\/centreensenyament\/#website\"},\"primaryImageOfPage\":{\"@id\":\"https:\/\/centresmolina.com\/centreensenyament\/contacte\/#primaryimage\"},\"image\":{\"@id\":\"https:\/\/centresmolina.com\/centreensenyament\/contacte\/#primaryimage\"},\"thumbnailUrl\":\"http:\/\/centresmolina.com\/centreensenyament\/wp-content\/uploads\/sites\/2\/2014\/05\/aroba.png\",\"datePublished\":\"2014-06-20T11:12:13+00:00\",\"dateModified\":\"2020-03-04T11:45:51+00:00\",\"breadcrumb\":{\"@id\":\"https:\/\/centresmolina.com\/centreensenyament\/contacte\/#breadcrumb\"},\"inLanguage\":\"ca\",\"potentialAction\":[{\"@type\":\"ReadAction\",\"target\":[\"https:\/\/centresmolina.com\/centreensenyament\/contacte\/\"]}]},{\"@type\":\"ImageObject\",\"inLanguage\":\"ca\",\"@id\":\"https:\/\/centresmolina.com\/centreensenyament\/contacte\/#primaryimage\",\"url\":\"http:\/\/centresmolina.com\/centreensenyament\/wp-content\/uploads\/sites\/2\/2014\/05\/aroba.png\",\"contentUrl\":\"http:\/\/centresmolina.com\/centreensenyament\/wp-content\/uploads\/sites\/2\/2014\/05\/aroba.png\"},{\"@type\":\"BreadcrumbList\",\"@id\":\"https:\/\/centresmolina.com\/centreensenyament\/contacte\/#breadcrumb\",\"itemListElement\":[{\"@type\":\"ListItem\",\"position\":1,\"name\":\"Portada\",\"item\":\"https:\/\/centresmolina.com\/centreensenyament\/\"},{\"@type\":\"ListItem\",\"position\":2,\"name\":\"Contacte\"}]},{\"@type\":\"WebSite\",\"@id\":\"https:\/\/centresmolina.com\/centreensenyament\/#website\",\"url\":\"https:\/\/centresmolina.com\/centreensenyament\/\",\"name\":\"Centros de ense\u00f1anza\",\"description\":\"Centres Molina - Centros de ense\u00f1anza\",\"potentialAction\":[{\"@type\":\"SearchAction\",\"target\":{\"@type\":\"EntryPoint\",\"urlTemplate\":\"https:\/\/centresmolina.com\/centreensenyament\/?s={search_term_string}\"},\"query-input\":{\"@type\":\"PropertyValueSpecification\",\"valueRequired\":true,\"valueName\":\"search_term_string\"}}],\"inLanguage\":\"ca\"}]}<\/script>\n<!-- \/ Yoast SEO plugin. -->","yoast_head_json":{"title":"Contacte - Centros de ense\u00f1anza","robots":{"index":"index","follow":"follow","max-snippet":"max-snippet:-1","max-image-preview":"max-image-preview:large","max-video-preview":"max-video-preview:-1"},"canonical":"https:\/\/centresmolina.com\/centreensenyament\/contacte\/","og_locale":"ca_ES","og_type":"article","og_title":"Contacte - Centros de ense\u00f1anza","og_description":"\u00a0 Si desitges m\u00e9s informaci\u00f3 o vols fer-nos arribar la teva consulta, envia'ns les teves dades i ens posarem en...","og_url":"https:\/\/centresmolina.com\/centreensenyament\/contacte\/","og_site_name":"Centros de ense\u00f1anza","article_modified_time":"2020-03-04T11:45:51+00:00","og_image":[{"url":"http:\/\/centresmolina.com\/centreensenyament\/wp-content\/uploads\/sites\/2\/2014\/05\/aroba.png","type":"","width":"","height":""}],"schema":{"@context":"https:\/\/schema.org","@graph":[{"@type":"WebPage","@id":"https:\/\/centresmolina.com\/centreensenyament\/contacte\/","url":"https:\/\/centresmolina.com\/centreensenyament\/contacte\/","name":"Contacte - Centros de ense\u00f1anza","isPartOf":{"@id":"https:\/\/centresmolina.com\/centreensenyament\/#website"},"primaryImageOfPage":{"@id":"https:\/\/centresmolina.com\/centreensenyament\/contacte\/#primaryimage"},"image":{"@id":"https:\/\/centresmolina.com\/centreensenyament\/contacte\/#primaryimage"},"thumbnailUrl":"http:\/\/centresmolina.com\/centreensenyament\/wp-content\/uploads\/sites\/2\/2014\/05\/aroba.png","datePublished":"2014-06-20T11:12:13+00:00","dateModified":"2020-03-04T11:45:51+00:00","breadcrumb":{"@id":"https:\/\/centresmolina.com\/centreensenyament\/contacte\/#breadcrumb"},"inLanguage":"ca","potentialAction":[{"@type":"ReadAction","target":["https:\/\/centresmolina.com\/centreensenyament\/contacte\/"]}]},{"@type":"ImageObject","inLanguage":"ca","@id":"https:\/\/centresmolina.com\/centreensenyament\/contacte\/#primaryimage","url":"http:\/\/centresmolina.com\/centreensenyament\/wp-content\/uploads\/sites\/2\/2014\/05\/aroba.png","contentUrl":"http:\/\/centresmolina.com\/centreensenyament\/wp-content\/uploads\/sites\/2\/2014\/05\/aroba.png"},{"@type":"BreadcrumbList","@id":"https:\/\/centresmolina.com\/centreensenyament\/contacte\/#breadcrumb","itemListElement":[{"@type":"ListItem","position":1,"name":"Portada","item":"https:\/\/centresmolina.com\/centreensenyament\/"},{"@type":"ListItem","position":2,"name":"Contacte"}]},{"@type":"WebSite","@id":"https:\/\/centresmolina.com\/centreensenyament\/#website","url":"https:\/\/centresmolina.com\/centreensenyament\/","name":"Centros de ense\u00f1anza","description":"Centres Molina - Centros de ense\u00f1anza","potentialAction":[{"@type":"SearchAction","target":{"@type":"EntryPoint","urlTemplate":"https:\/\/centresmolina.com\/centreensenyament\/?s={search_term_string}"},"query-input":{"@type":"PropertyValueSpecification","valueRequired":true,"valueName":"search_term_string"}}],"inLanguage":"ca"}]}},"_links":{"self":[{"href":"https:\/\/centresmolina.com\/centreensenyament\/wp-json\/wp\/v2\/pages\/319","targetHints":{"allow":["GET"]}}],"collection":[{"href":"https:\/\/centresmolina.com\/centreensenyament\/wp-json\/wp\/v2\/pages"}],"about":[{"href":"https:\/\/centresmolina.com\/centreensenyament\/wp-json\/wp\/v2\/types\/page"}],"author":[{"embeddable":true,"href":"https:\/\/centresmolina.com\/centreensenyament\/wp-json\/wp\/v2\/users\/1"}],"replies":[{"embeddable":true,"href":"https:\/\/centresmolina.com\/centreensenyament\/wp-json\/wp\/v2\/comments?post=319"}],"version-history":[{"count":12,"href":"https:\/\/centresmolina.com\/centreensenyament\/wp-json\/wp\/v2\/pages\/319\/revisions"}],"predecessor-version":[{"id":12433,"href":"https:\/\/centresmolina.com\/centreensenyament\/wp-json\/wp\/v2\/pages\/319\/revisions\/12433"}],"wp:attachment":[{"href":"https:\/\/centresmolina.com\/centreensenyament\/wp-json\/wp\/v2\/media?parent=319"}],"curies":[{"name":"wp","href":"https:\/\/api.w.org\/{rel}","templated":true}]}}