{"id":24,"date":"2014-05-14T15:04:22","date_gmt":"2014-05-14T15:04:22","guid":{"rendered":"http:\/\/centresmolina.com\/?page_id=24"},"modified":"2015-04-16T11:16:44","modified_gmt":"2015-04-16T11:16:44","slug":"home","status":"publish","type":"page","link":"https:\/\/centresmolina.com\/es\/","title":{"rendered":"CENTRES MOLINA &#8211; Escuela concertada"},"content":{"rendered":"<p>[{<br \/>\n\u00abtitle\u00bb:\u00bbCentros de Ense\u00f1anza\u00bb,<br \/>\n\u00abdescription\u00bb:\u00bbLa Escuela Molina, <strong>centro concertado por la Generalitat de Catalunya, es una escuela familiar con m\u00e1s de 50 a\u00f1os de experiencia<\/strong> dedic\u00e1ndose a la formaci\u00f3n de alumnos de diferentes edades.\u00bb,<br \/>\n\u00abenlace\u00bb:\u00bbhttp:\/\/centresmolina.com\/centreensenyament\/es\/\u00bb<br \/>\n},{<br \/>\n\u00abtitle\u00bb:\u00bbMolina Language College\u00bb,<br \/>\n\u00abdescription\u00bb:\u00bbMolina Language College es una escuela de idiomas <strong>autorizada por el British Council<\/strong>, donde queremos dar protagonismo, cada vez m\u00e1s relevante, al hecho de aprender idiomas a partir de <strong>la motivaci\u00f3n, el inter\u00e9s por otras\u00a0culturas y una rigurosa metodolog\u00eda<\/strong>. Trabajamos la gram\u00e1tica, conversaci\u00f3n, audiciones, redacciones y lectura con materiales especializados, innovadores y a trav\u00e9s tambi\u00e9n de las TIC\u00bb,<br \/>\n\u00abenlace\u00bb:\u00bbhttp:\/\/centresmolina.com\/molinaidiomas\/es\/\u00bb<br \/>\n},{<br \/>\n\u00abtitle\u00bb:\u00bbEscuela Infantil\u00bb,<br \/>\n\u00abdescription\u00bb:\u00bbLa esuela infantil Molina Blau (centro subvencionado por la Generalitat de Catalunya) es un centro <strong>especializado para ni\u00f1os<\/strong>. Tiene como objetivo ofrecer a los ni\u00f1os y ni\u00f1as <strong>afecto, estimaci\u00f3n, confianza y respaldo<\/strong><b>\u00a0<\/b>en un entorno adecuado para que desarrollen los distintos aspectos de su personalidad.\u00bb,<br \/>\n\u00abenlace\u00bb:\u00bbhttp:\/\/centresmolina.com\/llarmolina\/es\/\u00bb<br \/>\n},{<br \/>\n\u00abtitle\u00bb:\u00bbEscuela de M\u00fasica\u00bb,<br \/>\n\u00abdescription\u00bb:\u00bbEn la escuela de M\u00fasica creemos que la m\u00fasica, m\u00e1s all\u00e1 de su dimensi\u00f3n art\u00edstica, tiene una <strong>clara funci\u00f3n formativa<\/strong>\u00a0que contribuye al desarrollo integral de la persona en sus dimensiones <strong>intelectuales, sociales y afectivas.<\/strong>\u00ab,<\/p>\n<p>\u00abenlace\u00bb:\u00bbhttp:\/\/centresmolina.com\/molinamusica\/es\/\u00bb<br \/>\n},{<br \/>\n\u00abdescription_left\u00bb: \u00abEn el a\u00f1o 1960, en Barcelona, la Sra. Leonor Garuz Blanco fund\u00f3 la ACADEMIA MOLINA en el barrio de Hostafrancs. Este centro naci\u00f3 con la finalidad de impartir los niveles educativos que hab\u00eda en el momento, desde parvulario hasta el Bachillerato Elemental y el Comercio Pr\u00e1ctico.\u00bb,<\/p>\n<p>\u00abdescription_right\u00bb: \u00abLos inicios dif\u00edciles se fueron superando con esfuerzo y dedicaci\u00f3n, y con el apoyo de su familia. En el a\u00f1o 1964 continu\u00f3 con nuevos espacios en el barrio de la Guineueta (Nou Barris), donde se fijaron los pilares de una Escuela que continuar\u00eda hasta nuestros d\u00edas.\u00bb<\/p>\n<p>}]<\/p>\n","protected":false},"excerpt":{"rendered":"<p>[{ \u00abtitle\u00bb:\u00bbCentros de Ense\u00f1anza\u00bb, \u00abdescription\u00bb:\u00bbLa Escuela Molina, centro concertado por la Generalitat de Catalunya, es una escuela familiar con m\u00e1s&#8230;<\/p>\n","protected":false},"author":1,"featured_media":0,"parent":0,"menu_order":0,"comment_status":"open","ping_status":"open","template":"page-templates\/landing-centres.php","meta":{"footnotes":""},"class_list":["post-24","page","type-page","status-publish","hentry"],"yoast_head":"<!-- This site is optimized with the Yoast SEO plugin v27.2 - https:\/\/yoast.com\/product\/yoast-seo-wordpress\/ -->\n<title>CENTRES MOLINA | Escuela concertada<\/title>\n<meta name=\"description\" content=\"La escuela concertada CENTRES MOLINA es un centro con m\u00e1s de 50 a\u00f1os de experiencia en la formaci\u00f3n de alumnos de diferentes edades.\" \/>\n<meta name=\"robots\" content=\"index, follow, max-snippet:-1, max-image-preview:large, max-video-preview:-1\" \/>\n<link rel=\"canonical\" href=\"https:\/\/centresmolina.com\/es\/home\/\" \/>\n<meta property=\"og:locale\" content=\"es_ES\" \/>\n<meta property=\"og:type\" content=\"article\" \/>\n<meta property=\"og:title\" content=\"CENTRES MOLINA | Escuela concertada\" \/>\n<meta property=\"og:description\" content=\"La escuela concertada CENTRES MOLINA es un centro con m\u00e1s de 50 a\u00f1os de experiencia en la formaci\u00f3n de alumnos de diferentes edades.\" \/>\n<meta property=\"og:url\" content=\"https:\/\/centresmolina.com\/es\/home\/\" \/>\n<meta property=\"og:site_name\" content=\"CENTRES MOLINA\" \/>\n<meta property=\"article:modified_time\" content=\"2015-04-16T11:16:44+00:00\" \/>\n<meta name=\"twitter:label1\" content=\"Tiempo de lectura\" \/>\n\t<meta name=\"twitter:data1\" content=\"2 minutos\" \/>\n<script type=\"application\/ld+json\" class=\"yoast-schema-graph\">{\"@context\":\"https:\/\/schema.org\",\"@graph\":[{\"@type\":\"WebPage\",\"@id\":\"https:\/\/centresmolina.com\/es\/home\/\",\"url\":\"https:\/\/centresmolina.com\/es\/home\/\",\"name\":\"CENTRES MOLINA | Escuela concertada\",\"isPartOf\":{\"@id\":\"https:\/\/centresmolina.com\/#website\"},\"datePublished\":\"2014-05-14T15:04:22+00:00\",\"dateModified\":\"2015-04-16T11:16:44+00:00\",\"description\":\"La escuela concertada CENTRES MOLINA es un centro con m\u00e1s de 50 a\u00f1os de experiencia en la formaci\u00f3n de alumnos de diferentes edades.\",\"breadcrumb\":{\"@id\":\"https:\/\/centresmolina.com\/es\/home\/#breadcrumb\"},\"inLanguage\":\"es\",\"potentialAction\":[{\"@type\":\"ReadAction\",\"target\":[\"https:\/\/centresmolina.com\/es\/home\/\"]}]},{\"@type\":\"BreadcrumbList\",\"@id\":\"https:\/\/centresmolina.com\/es\/home\/#breadcrumb\",\"itemListElement\":[{\"@type\":\"ListItem\",\"position\":1,\"name\":\"Portada\",\"item\":\"https:\/\/centresmolina.com\/es\/home\/\"},{\"@type\":\"ListItem\",\"position\":2,\"name\":\"CENTRES MOLINA &#8211; Escuela concertada\"}]},{\"@type\":\"WebSite\",\"@id\":\"https:\/\/centresmolina.com\/#website\",\"url\":\"https:\/\/centresmolina.com\/\",\"name\":\"CENTRES MOLINA\",\"description\":\"L&#039;escola concertada CENTRES MOLINA \u00e9s un centre amb m\u00e9s de 50 anys d&#039;experi\u00e8ncia en la formaci\u00f3 d\u2019alumnes de diferents edats.\",\"potentialAction\":[{\"@type\":\"SearchAction\",\"target\":{\"@type\":\"EntryPoint\",\"urlTemplate\":\"https:\/\/centresmolina.com\/?s={search_term_string}\"},\"query-input\":{\"@type\":\"PropertyValueSpecification\",\"valueRequired\":true,\"valueName\":\"search_term_string\"}}],\"inLanguage\":\"es\"}]}<\/script>\n<!-- \/ Yoast SEO plugin. -->","yoast_head_json":{"title":"CENTRES MOLINA | Escuela concertada","description":"La escuela concertada CENTRES MOLINA es un centro con m\u00e1s de 50 a\u00f1os de experiencia en la formaci\u00f3n de alumnos de diferentes edades.","robots":{"index":"index","follow":"follow","max-snippet":"max-snippet:-1","max-image-preview":"max-image-preview:large","max-video-preview":"max-video-preview:-1"},"canonical":"https:\/\/centresmolina.com\/es\/home\/","og_locale":"es_ES","og_type":"article","og_title":"CENTRES MOLINA | Escuela concertada","og_description":"La escuela concertada CENTRES MOLINA es un centro con m\u00e1s de 50 a\u00f1os de experiencia en la formaci\u00f3n de alumnos de diferentes edades.","og_url":"https:\/\/centresmolina.com\/es\/home\/","og_site_name":"CENTRES MOLINA","article_modified_time":"2015-04-16T11:16:44+00:00","twitter_misc":{"Tiempo de lectura":"2 minutos"},"schema":{"@context":"https:\/\/schema.org","@graph":[{"@type":"WebPage","@id":"https:\/\/centresmolina.com\/es\/home\/","url":"https:\/\/centresmolina.com\/es\/home\/","name":"CENTRES MOLINA | Escuela concertada","isPartOf":{"@id":"https:\/\/centresmolina.com\/#website"},"datePublished":"2014-05-14T15:04:22+00:00","dateModified":"2015-04-16T11:16:44+00:00","description":"La escuela concertada CENTRES MOLINA es un centro con m\u00e1s de 50 a\u00f1os de experiencia en la formaci\u00f3n de alumnos de diferentes edades.","breadcrumb":{"@id":"https:\/\/centresmolina.com\/es\/home\/#breadcrumb"},"inLanguage":"es","potentialAction":[{"@type":"ReadAction","target":["https:\/\/centresmolina.com\/es\/home\/"]}]},{"@type":"BreadcrumbList","@id":"https:\/\/centresmolina.com\/es\/home\/#breadcrumb","itemListElement":[{"@type":"ListItem","position":1,"name":"Portada","item":"https:\/\/centresmolina.com\/es\/home\/"},{"@type":"ListItem","position":2,"name":"CENTRES MOLINA &#8211; Escuela concertada"}]},{"@type":"WebSite","@id":"https:\/\/centresmolina.com\/#website","url":"https:\/\/centresmolina.com\/","name":"CENTRES MOLINA","description":"L&#039;escola concertada CENTRES MOLINA \u00e9s un centre amb m\u00e9s de 50 anys d&#039;experi\u00e8ncia en la formaci\u00f3 d\u2019alumnes de diferents edats.","potentialAction":[{"@type":"SearchAction","target":{"@type":"EntryPoint","urlTemplate":"https:\/\/centresmolina.com\/?s={search_term_string}"},"query-input":{"@type":"PropertyValueSpecification","valueRequired":true,"valueName":"search_term_string"}}],"inLanguage":"es"}]}},"_links":{"self":[{"href":"https:\/\/centresmolina.com\/es\/wp-json\/wp\/v2\/pages\/24\/"}],"collection":[{"href":"https:\/\/centresmolina.com\/es\/wp-json\/wp\/v2\/pages\/"}],"about":[{"href":"https:\/\/centresmolina.com\/es\/wp-json\/wp\/v2\/types\/page\/"}],"author":[{"embeddable":true,"href":"https:\/\/centresmolina.com\/es\/wp-json\/wp\/v2\/users\/1\/"}],"replies":[{"embeddable":true,"href":"https:\/\/centresmolina.com\/es\/wp-json\/wp\/v2\/comments\/?post=24"}],"version-history":[{"count":33,"href":"https:\/\/centresmolina.com\/es\/wp-json\/wp\/v2\/pages\/24\/revisions\/"}],"predecessor-version":[{"id":126,"href":"https:\/\/centresmolina.com\/es\/wp-json\/wp\/v2\/pages\/24\/revisions\/126\/"}],"wp:attachment":[{"href":"https:\/\/centresmolina.com\/es\/wp-json\/wp\/v2\/media\/?parent=24"}],"curies":[{"name":"wp","href":"https:\/\/api.w.org\/{rel}","templated":true}]}}