{"id":42,"date":"2015-03-10T10:55:09","date_gmt":"2015-03-10T10:55:09","guid":{"rendered":"http:\/\/centresmolina.com\/molinaidiomas\/?page_id=42"},"modified":"2018-01-22T16:00:09","modified_gmt":"2018-01-22T16:00:09","slug":"politica-de-cookies","status":"publish","type":"page","link":"https:\/\/centresmolina.com\/molinaidiomas\/es\/politica-de-cookies\/","title":{"rendered":"Pol\u00edtica de Cookies"},"content":{"rendered":"<div id=\"pl-42\"  class=\"panel-layout\" ><div id=\"pg-42-0\"  class=\"panel-grid panel-has-style\" ><div class=\"fonsblanc panel-row-style panel-row-style-for-42-0\" ><div id=\"pgc-42-0-0\"  class=\"panel-grid-cell\" ><div id=\"panel-42-0-0-0\" class=\"so-panel widget widget_black-studio-tinymce widget_black_studio_tinymce panel-first-child panel-last-child\" data-index=\"0\" ><div class=\"textwidget\"><p>Una Cookie es un fichero que se descarga en su ordenador al acceder a determinadas p\u00e1ginas web. Las cookies permiten a una p\u00e1gina web, entre otras cosas, almacenar y recuperar informaci\u00f3n sobre los h\u00e1bitos de navegaci\u00f3n de un usuario o de su equipo y, dependiendo de la informaci\u00f3n que contenga y de la forma en que utilice su equipo, pueden utilizarse para reconocer al usuario.<\/p>\n<p>Las cookies son esenciales para el funcionamiento de internet, aportando innumerables ventajas en la prestaci\u00f3n de servicios interactivos, facilit\u00e1ndole la navegaci\u00f3n y usabilidad de nuestra web. La informaci\u00f3n que le proporcionamos a continuaci\u00f3n, le ayudar\u00e1 a comprender los diferentes tipos de cookies:<\/p>\n<p>-\u00a0<strong>Cookies propias<\/strong>: Son aquellas que se recaban por el propio editor para prestar el servicio solicitado por el usuario.<\/p>\n<p><strong>- Cookies de tercero<\/strong>: Son aquellas que son recabadas y gestionadas por un tercero, estas no se pueden considerar propias.<\/p>\n<p><strong>- Cookies de sesi\u00f3n<\/strong>: Recaban datos mientras el usuario navega por la red con la finalidad de prestar el servicio solicitado.<\/p>\n<p>-\u00a0<strong>Cookies persistentes<\/strong>: Se almacenan en el terminal y la informaci\u00f3n obtenida, ser\u00e1 utilizada por el responsable de la cookie con la finalidad de prestar el servicio solicitado.<\/p>\n<p>-\u00a0<strong>Cookies t\u00e9cnicas<\/strong>: Son las necesarias para la correcta navegaci\u00f3n por la web.<\/p>\n<p>-<strong>\u00a0Cookies de personalizaci\u00f3n<\/strong>: Permiten al usuario las caracter\u00edsticas (idioma) para la navegaci\u00f3n por la website<\/p>\n<p>-\u00a0<strong>Cookies de an\u00e1lisis<\/strong>: Permiten al prestador el an\u00e1lisis vinculado a la navegaci\u00f3n realizada por el usuario, con la finalidad de llevar un seguimiento de uso de la p\u00e1gina web, as\u00ed como realizar estad\u00edsticas de los contenidos m\u00e1s visitados, n\u00famero de visitantes, etc.<\/p>\n<p>-\u00a0<strong>Cookies publicitarias<\/strong>: Permiten al editor incluir en la web, espacios publicitarios, seg\u00fan el contenido de la propia web.<\/p>\n<p>-\u00a0<strong>Cookies de publicidad comportamental<\/strong>: Permiten al editor incluir en la p\u00e1gina web espacios publicitarios seg\u00fan la informaci\u00f3n obtenida a trav\u00e9s de los h\u00e1bitos de navegaci\u00f3n del usuario.<\/p>\n<p>Seg\u00fan lo dispuesto en el art\u00edculo 22.2 de la Ley 34\/2002, de 11 de julio, de Servicios de la Sociedad de la Informaci\u00f3n y de Comercio Electr\u00f3nico (LSSI-CE), CE COLEGIO MOLINA SL informa de las cookies utilizadas en nuestra website:<\/p>\n<p>-\u00a0<strong>Google Analytics<\/strong>: Almacena cookies para poder elaborar estadi\u0301sticas sobre el tra\u0301fico y volumen de visitas de esta web. Al utilizar este sitio web esta\u0301 consintiendo el tratamiento de informacio\u0301n acerca de usted por Google. Por tanto, el ejercicio de cualquier derecho en este sentido debera\u0301 hacerlo comunicando directamente con Google.<\/p>\n<p>Las cookies de Google Analytics, se almacenan en servidores ubicados en Estados Unidos y se compromete a no compartirla con terceros, excepto en los casos en los que sea necesario para el funcionamiento del sistema o cuando la ley obligue a tal efecto. Segu\u0301n Google no guarda su direccio\u0301n IP.<br \/>Google Inc. es una compan\u0303i\u0301a adherida a \u201cPrivacy Shields\u201d (escudo de privacidad) que garantiza que todos los datos transferidos sera\u0301n tratados con un nivel de proteccio\u0301n acorde a la normativa europea. Puede consultar informacio\u0301n detallada a este respecto a trave\u0301s del siguiente enlace: https:\/\/support.google.com\/analytics\/answer\/6004245.<\/p>\n<p>Si lo desea puede utilizar el Complemento de inhabilitacio\u0301n para navegadores de Google Analytics a trave\u0301s de cuyas instrucciones pueden rechazarse las cookies anali\u0301ticas de dicho servicio en todos los navegadores. Puede consultar ma\u0301s informacio\u0301n al respecto en el siguiente enlace: https:\/\/tools.google.com\/dlpage\/gaoptout<\/p>\n<p>FINALIDAD<br \/>Asimismo, CE COLEGIO MOLINA SL informa al usuario de que tiene la posibilidad de configurar su navegador de modo que se le informe de la recepcio\u0301n de cookies, pudiendo, si asi\u0301 lo desea, impedir que sean instaladas en su disco duro.<br \/>A continuacio\u0301n le proporcionamos los enlaces de diversos navegadores, a trave\u0301s de los cuales podra\u0301 realizar dicha configuracio\u0301n:<\/p>\n<ul>\n<li>Firefox desde aqui\u0301:\u00a0<a href=\"http:\/\/support.mozilla.org\/es\/kb\/habilitar-y-deshabilitar-cookies-que-los- sitios-we\">http:\/\/support.mozilla.org\/es\/kb\/habilitar-y-deshabilitar-cookies-que-los- sitios-we<\/a><\/li>\n<li>Chrome desde aqui\u0301:\u00a0<a href=\"http:\/\/support.google.com\/chrome\/bin\/answer.py?hl=es&amp;answer=95647\">http:\/\/support.google.com\/chrome\/bin\/answer.py?hl=es&amp;answer=95647<\/a><\/li>\n<li>Explorer desde aqui\u0301:\u00a0<a href=\"http:\/\/windows.microsoft.com\/es-es\/internet-explorer\/delete-manage-\">http:\/\/windows.microsoft.com\/es-es\/internet-explorer\/delete-manage-<\/a><br \/>cookies#ie=ie-10<\/li>\n<li>Safari desde aqui\u0301:\u00a0<a href=\"https:\/\/support.apple.com\/kb\/ph17191?locale=es_ES\">https:\/\/support.apple.com\/kb\/ph17191?locale=es_ES<\/a><\/li>\n<li>Opera desde aqui\u0301:\u00a0<a href=\"http:\/\/help.opera.com\/Windows\/11.50\/es-ES\/cookies.html\">http:\/\/help.opera.com\/Windows\/11.50\/es-ES\/cookies.html<\/a><\/li>\n<\/ul>\n<\/div><\/div><\/div><\/div><\/div><\/div>","protected":false},"excerpt":{"rendered":"<p>Una Cookie es un fichero que se descarga en su ordenador al acceder a determinadas p\u00e1ginas web. Las cookies permiten&#8230;<\/p>\n","protected":false},"author":1,"featured_media":0,"parent":0,"menu_order":0,"comment_status":"open","ping_status":"open","template":"page-templates\/sidebar-excluded.php","meta":{"footnotes":""},"class_list":["post-42","page","type-page","status-publish","hentry"],"yoast_head":"<!-- This site is optimized with the Yoast SEO plugin v27.2 - https:\/\/yoast.com\/product\/yoast-seo-wordpress\/ -->\n<title>Pol\u00edtica de Cookies - Molina idiomas<\/title>\n<meta name=\"robots\" content=\"index, follow, max-snippet:-1, max-image-preview:large, max-video-preview:-1\" \/>\n<link rel=\"canonical\" href=\"https:\/\/centresmolina.com\/molinaidiomas\/es\/politica-de-cookies\/\" \/>\n<meta property=\"og:locale\" content=\"es_ES\" \/>\n<meta property=\"og:type\" content=\"article\" \/>\n<meta property=\"og:title\" content=\"Pol\u00edtica de Cookies - Molina idiomas\" \/>\n<meta property=\"og:description\" content=\"Una Cookie es un fichero que se descarga en su ordenador al acceder a determinadas p\u00e1ginas web. Las cookies permiten...\" \/>\n<meta property=\"og:url\" content=\"https:\/\/centresmolina.com\/molinaidiomas\/es\/politica-de-cookies\/\" \/>\n<meta property=\"og:site_name\" content=\"Molina idiomas\" \/>\n<meta property=\"article:modified_time\" content=\"2018-01-22T16:00:09+00:00\" \/>\n<meta name=\"twitter:label1\" content=\"Tiempo de lectura\" \/>\n\t<meta name=\"twitter:data1\" content=\"4 minutos\" \/>\n<script type=\"application\/ld+json\" class=\"yoast-schema-graph\">{\"@context\":\"https:\/\/schema.org\",\"@graph\":[{\"@type\":\"WebPage\",\"@id\":\"https:\/\/centresmolina.com\/molinaidiomas\/es\/politica-de-cookies\/\",\"url\":\"https:\/\/centresmolina.com\/molinaidiomas\/es\/politica-de-cookies\/\",\"name\":\"Pol\u00edtica de Cookies - Molina idiomas\",\"isPartOf\":{\"@id\":\"https:\/\/centresmolina.com\/molinaidiomas\/es\/#website\"},\"datePublished\":\"2015-03-10T10:55:09+00:00\",\"dateModified\":\"2018-01-22T16:00:09+00:00\",\"breadcrumb\":{\"@id\":\"https:\/\/centresmolina.com\/molinaidiomas\/es\/politica-de-cookies\/#breadcrumb\"},\"inLanguage\":\"es\",\"potentialAction\":[{\"@type\":\"ReadAction\",\"target\":[\"https:\/\/centresmolina.com\/molinaidiomas\/es\/politica-de-cookies\/\"]}]},{\"@type\":\"BreadcrumbList\",\"@id\":\"https:\/\/centresmolina.com\/molinaidiomas\/es\/politica-de-cookies\/#breadcrumb\",\"itemListElement\":[{\"@type\":\"ListItem\",\"position\":1,\"name\":\"Portada\",\"item\":\"https:\/\/centresmolina.com\/molinaidiomas\/es\/\"},{\"@type\":\"ListItem\",\"position\":2,\"name\":\"Pol\u00edtica de Cookies\"}]},{\"@type\":\"WebSite\",\"@id\":\"https:\/\/centresmolina.com\/molinaidiomas\/es\/#website\",\"url\":\"https:\/\/centresmolina.com\/molinaidiomas\/es\/\",\"name\":\"Molina idiomas\",\"description\":\"Otro sitio m\u00e1s de Molina Centres\",\"potentialAction\":[{\"@type\":\"SearchAction\",\"target\":{\"@type\":\"EntryPoint\",\"urlTemplate\":\"https:\/\/centresmolina.com\/molinaidiomas\/es\/?s={search_term_string}\"},\"query-input\":{\"@type\":\"PropertyValueSpecification\",\"valueRequired\":true,\"valueName\":\"search_term_string\"}}],\"inLanguage\":\"es\"}]}<\/script>\n<!-- \/ Yoast SEO plugin. -->","yoast_head_json":{"title":"Pol\u00edtica de Cookies - Molina idiomas","robots":{"index":"index","follow":"follow","max-snippet":"max-snippet:-1","max-image-preview":"max-image-preview:large","max-video-preview":"max-video-preview:-1"},"canonical":"https:\/\/centresmolina.com\/molinaidiomas\/es\/politica-de-cookies\/","og_locale":"es_ES","og_type":"article","og_title":"Pol\u00edtica de Cookies - Molina idiomas","og_description":"Una Cookie es un fichero que se descarga en su ordenador al acceder a determinadas p\u00e1ginas web. Las cookies permiten...","og_url":"https:\/\/centresmolina.com\/molinaidiomas\/es\/politica-de-cookies\/","og_site_name":"Molina idiomas","article_modified_time":"2018-01-22T16:00:09+00:00","twitter_misc":{"Tiempo de lectura":"4 minutos"},"schema":{"@context":"https:\/\/schema.org","@graph":[{"@type":"WebPage","@id":"https:\/\/centresmolina.com\/molinaidiomas\/es\/politica-de-cookies\/","url":"https:\/\/centresmolina.com\/molinaidiomas\/es\/politica-de-cookies\/","name":"Pol\u00edtica de Cookies - Molina idiomas","isPartOf":{"@id":"https:\/\/centresmolina.com\/molinaidiomas\/es\/#website"},"datePublished":"2015-03-10T10:55:09+00:00","dateModified":"2018-01-22T16:00:09+00:00","breadcrumb":{"@id":"https:\/\/centresmolina.com\/molinaidiomas\/es\/politica-de-cookies\/#breadcrumb"},"inLanguage":"es","potentialAction":[{"@type":"ReadAction","target":["https:\/\/centresmolina.com\/molinaidiomas\/es\/politica-de-cookies\/"]}]},{"@type":"BreadcrumbList","@id":"https:\/\/centresmolina.com\/molinaidiomas\/es\/politica-de-cookies\/#breadcrumb","itemListElement":[{"@type":"ListItem","position":1,"name":"Portada","item":"https:\/\/centresmolina.com\/molinaidiomas\/es\/"},{"@type":"ListItem","position":2,"name":"Pol\u00edtica de Cookies"}]},{"@type":"WebSite","@id":"https:\/\/centresmolina.com\/molinaidiomas\/es\/#website","url":"https:\/\/centresmolina.com\/molinaidiomas\/es\/","name":"Molina idiomas","description":"Otro sitio m\u00e1s de Molina Centres","potentialAction":[{"@type":"SearchAction","target":{"@type":"EntryPoint","urlTemplate":"https:\/\/centresmolina.com\/molinaidiomas\/es\/?s={search_term_string}"},"query-input":{"@type":"PropertyValueSpecification","valueRequired":true,"valueName":"search_term_string"}}],"inLanguage":"es"}]}},"_links":{"self":[{"href":"https:\/\/centresmolina.com\/molinaidiomas\/es\/wp-json\/wp\/v2\/pages\/42\/"}],"collection":[{"href":"https:\/\/centresmolina.com\/molinaidiomas\/es\/wp-json\/wp\/v2\/pages\/"}],"about":[{"href":"https:\/\/centresmolina.com\/molinaidiomas\/es\/wp-json\/wp\/v2\/types\/page\/"}],"author":[{"embeddable":true,"href":"https:\/\/centresmolina.com\/molinaidiomas\/es\/wp-json\/wp\/v2\/users\/1\/"}],"replies":[{"embeddable":true,"href":"https:\/\/centresmolina.com\/molinaidiomas\/es\/wp-json\/wp\/v2\/comments\/?post=42"}],"version-history":[{"count":3,"href":"https:\/\/centresmolina.com\/molinaidiomas\/es\/wp-json\/wp\/v2\/pages\/42\/revisions\/"}],"predecessor-version":[{"id":748,"href":"https:\/\/centresmolina.com\/molinaidiomas\/es\/wp-json\/wp\/v2\/pages\/42\/revisions\/748\/"}],"wp:attachment":[{"href":"https:\/\/centresmolina.com\/molinaidiomas\/es\/wp-json\/wp\/v2\/media\/?parent=42"}],"curies":[{"name":"wp","href":"https:\/\/api.w.org\/{rel}","templated":true}]}}