{"id":20,"date":"2014-12-05T15:31:08","date_gmt":"2014-12-05T15:31:08","guid":{"rendered":"http:\/\/centresmolina.com\/molinaidiomas\/?page_id=20"},"modified":"2015-06-16T19:47:59","modified_gmt":"2015-06-16T19:47:59","slug":"molina-language-college","status":"publish","type":"page","link":"https:\/\/centresmolina.com\/molinaidiomas\/","title":{"rendered":"Molina Language College"},"content":{"rendered":"<div id=\"pl-20\"  class=\"panel-layout\" ><div id=\"pg-20-0\"  class=\"panel-grid panel-has-style\" ><div class=\"fonsblanc panel-row-style panel-row-style-for-20-0\" ><div id=\"pgc-20-0-0\"  class=\"panel-grid-cell\" ><div id=\"panel-20-0-0-0\" class=\"so-panel widget widget_black-studio-tinymce widget_black_studio_tinymce panel-first-child panel-last-child\" data-index=\"0\" ><div class=\"textwidget\"><div class=\"columnacont\">\n<div class=\"destacado-bg-grey\">\n<p>Avui en dia, ja ning\u00fa posa en dubte la import\u00e0ncia d\u2019aprendre idiomes dins els coneixements i curr\u00edculum personal. Per aix\u00f2, a la nostra escola <span class=\"naranja\"><strong>hem volgut donar-li un protagonisme<\/strong><\/span>, cada cop m\u00e9s rellevant, a trav\u00e9s del qual intentem ensenyar els diferents idiomes partint de la motivaci\u00f3, l\u2019inter\u00e8s per les diferents cultures i la rigorosa metodologia on treballem la gram\u00e0tica, conversa, audicions, redacci\u00f3 i la lectura.<\/p>\n<p>Els cursos extensius s\u2019inicien a l\u2019octubre i finalitzen al juny (ambd\u00f3s inclosos) i consten de 3 hores setmanals distribu\u00efdes en diferents dies i hores, en funci\u00f3 del nivell i de la disponibilitat hor\u00e0ria, personal i del centre.<\/p>\n<p>Cal fer una prova de nivell a l\u2019inici, per a valorar el curs i horari m\u00e9s adequat amb el coordinador.<\/p>\n<p>No barregem ni edats ni nivells. Tenint en compte, que comencem amb nens cada cop m\u00e9s petits, sovint ens trobem amb alumnes de la mateixa edat, per\u00f2 amb grans difer\u00e8ncies de nivell degut al fet, que uns venen per primer cop i altres, ja porten amb nosaltres des de ben petits i per tant, ja tenen uns h\u00e0bits, accent, din\u00e0mica i mica en mica van agafant una bona base de l\u2019idioma que facilitar\u00e0 el seu aprenentatge en la gram\u00e0tica, escriptura, conversa, comprensi\u00f3 lectora i audici\u00f3.<\/p>\n<p>Un cop acabat el curs, tamb\u00e9 oferim:<\/p>\n<ul class=\"custom-lista\">\n<li><span class=\"naranja\">Cursos\u00a0intensius de juliol i setembre (amb opci\u00f3 a avan\u00e7ar un nivell).<\/span><\/li>\n<li><span class=\"naranja\">Summer School pels m\u00e9s petits.<\/span><\/li>\n<\/ul>\n<p><a href=\"http:\/\/centresmolina.com\/molinaidiomas\/files\/2014\/12\/equip-huma-idiomes.jpg\"><img loading=\"lazy\" decoding=\"async\" class=\"imatge alignnone wp-image-34 size-full\" src=\"http:\/\/centresmolina.com\/molinaidiomas\/files\/2014\/12\/equip-huma-idiomes.jpg\" alt=\"\" width=\"1400\" height=\"518\" data-id=\"27\" srcset=\"https:\/\/centresmolina.com\/molinaidiomas\/files\/2014\/12\/equip-huma-idiomes.jpg 1400w, https:\/\/centresmolina.com\/molinaidiomas\/files\/2014\/12\/equip-huma-idiomes-300x111.jpg 300w, https:\/\/centresmolina.com\/molinaidiomas\/files\/2014\/12\/equip-huma-idiomes-1024x379.jpg 1024w\" sizes=\"auto, (max-width: 1400px) 100vw, 1400px\" \/><\/a><\/p>\n<p>\u00a0<\/p>\n<p><a href=\"http:\/\/centresmolina.com\/molinaidiomas\/files\/2014\/12\/foto-nens1.jpg\"><img loading=\"lazy\" decoding=\"async\" class=\"alignnone wp-image-53 size-full\" src=\"http:\/\/centresmolina.com\/molinaidiomas\/files\/2014\/12\/foto-nens1.jpg\" alt=\"\" width=\"1440\" height=\"534\" data-id=\"34\" srcset=\"https:\/\/centresmolina.com\/molinaidiomas\/files\/2014\/12\/foto-nens1.jpg 1440w, https:\/\/centresmolina.com\/molinaidiomas\/files\/2014\/12\/foto-nens1-300x111.jpg 300w, https:\/\/centresmolina.com\/molinaidiomas\/files\/2014\/12\/foto-nens1-1024x380.jpg 1024w\" sizes=\"auto, (max-width: 1440px) 100vw, 1440px\" \/><\/a><\/p>\n<\/div>\n<\/div>\n<\/div><\/div><\/div><div id=\"pgc-20-0-1\"  class=\"panel-grid-cell\" ><div id=\"panel-20-0-1-0\" class=\"so-panel widget widget_black-studio-tinymce widget_black_studio_tinymce panel-first-child panel-last-child\" data-index=\"1\" ><div class=\"textwidget\"><div class=\"columnacont\">\n<p>Oferim tamb\u00e9, classes particulars per a qui estigui interessat en rebre una formaci\u00f3 personalitzada.<\/p>\n<ul class=\"custom-lista\">\n<li><span class=\"naranja\">Gran ventall d\u2019horaris<\/span><\/li>\n<li><span class=\"naranja\">Grups redu\u00efts<\/span><\/li>\n<li><span class=\"naranja\">Cursos d\u2019angl\u00e8s b\u00e0sic per a adults<\/span><\/li>\n<li><span class=\"naranja\">Cursos adaptats per a empreses<\/span><\/li>\n<li><span class=\"naranja\">Grups de migdia<\/span><\/li>\n<li><span class=\"naranja\">Cursos intensius<\/span><\/li>\n<li><span class=\"naranja\">Classes de conversa<\/span><\/li>\n<li><span class=\"naranja\">Grups a partir de 2 anys<\/span><\/li>\n<li><span class=\"naranja\">Angl\u00e8s de negocis (business) i de preparaci\u00f3 per a feines espec\u00edfiques (atenci\u00f3 al p\u00fablic, hosteleria, comercials,...)<\/span><\/li>\n<\/ul>\n<p>Al llarg del curs (en la llengua anglesa), seguim l\u2019estructura del British Council avaluant als alumnes de tots els continguts que inclouen els ex\u00e0mens oficials:<\/p>\n<ul class=\"custom-lista\">\n<li><span class=\"naranja\">Reading comprehension<\/span><\/li>\n<li><span class=\"naranja\">Writing<\/span><\/li>\n<li><span class=\"naranja\">Use of english<\/span><\/li>\n<li><span class=\"naranja\">Listening comprehension<\/span><\/li>\n<li><span class=\"naranja\">Speaking<\/span><\/li>\n<\/ul>\n<p>Preparem als alumnes per a presentar-se als ex\u00e0mens dels t\u00edtols oficials. Tots els tr\u00e0mits els gestionem directament des del nostre centre.<\/p>\n<p class=\"destacado-bg-naranja\">Per a m\u00e9s informaci\u00f3 omple el seg\u00fcent formulari i ens posarem en contacte. Si ho prefereixes, pots trucar-nos al n\u00famero:\u00a093 359 39 39.<\/p>\n<p>\n<div class=\"wpcf7 no-js\" id=\"wpcf7-f46-o1\" lang=\"es-ES\" dir=\"ltr\" data-wpcf7-id=\"46\">\n<div class=\"screen-reader-response\"><p role=\"status\" aria-live=\"polite\" aria-atomic=\"true\"><\/p> <ul><\/ul><\/div>\n<form action=\"\/molinaidiomas\/wp-json\/wp\/v2\/pages\/20#wpcf7-f46-o1\" method=\"post\" class=\"wpcf7-form init\" aria-label=\"Formulario de contacto\" novalidate=\"novalidate\" data-status=\"init\">\n<fieldset class=\"hidden-fields-container\"><input type=\"hidden\" name=\"_wpcf7\" value=\"46\" \/><input type=\"hidden\" name=\"_wpcf7_version\" value=\"6.1.5\" \/><input type=\"hidden\" name=\"_wpcf7_locale\" value=\"es_ES\" \/><input type=\"hidden\" name=\"_wpcf7_unit_tag\" value=\"wpcf7-f46-o1\" \/><input type=\"hidden\" name=\"_wpcf7_container_post\" value=\"0\" \/><input type=\"hidden\" name=\"_wpcf7_posted_data_hash\" value=\"\" \/><input type=\"hidden\" name=\"_wpcf7_recaptcha_response\" value=\"\" \/>\n<\/fieldset>\n<p><span class=\"wpcf7-form-control-wrap\" data-name=\"your-name\"><input size=\"40\" maxlength=\"400\" class=\"wpcf7-form-control wpcf7-text wpcf7-validates-as-required\" aria-required=\"true\" aria-invalid=\"false\" placeholder=\"Nom i cognoms\" value=\"\" type=\"text\" name=\"your-name\" \/><\/span>\n<\/p>\n<p><span class=\"wpcf7-form-control-wrap\" data-name=\"your-email\"><input size=\"40\" maxlength=\"400\" class=\"wpcf7-form-control wpcf7-email wpcf7-validates-as-required wpcf7-text wpcf7-validates-as-email\" aria-required=\"true\" aria-invalid=\"false\" placeholder=\"correu electr\u00f2nic\" value=\"\" type=\"email\" name=\"your-email\" \/><\/span>\n<\/p>\n<p><span class=\"wpcf7-form-control-wrap\" data-name=\"tel-79\"><input size=\"40\" maxlength=\"400\" class=\"wpcf7-form-control wpcf7-tel wpcf7-text wpcf7-validates-as-tel\" aria-invalid=\"false\" placeholder=\"Tel\u00e8fon\" value=\"\" type=\"tel\" name=\"tel-79\" \/><\/span>\n<\/p>\n<p><span class=\"wpcf7-form-control-wrap\" data-name=\"your-subject\"><input size=\"40\" maxlength=\"400\" class=\"wpcf7-form-control wpcf7-text\" aria-invalid=\"false\" placeholder=\"Assumpte\" value=\"\" type=\"text\" name=\"your-subject\" \/><\/span>\n<\/p>\n<p><span class=\"wpcf7-form-control-wrap\" data-name=\"your-message\"><textarea cols=\"40\" rows=\"10\" maxlength=\"2000\" class=\"wpcf7-form-control wpcf7-textarea\" aria-invalid=\"false\" placeholder=\"Missatge\" name=\"your-message\"><\/textarea><\/span>\n<\/p>\n<p><span class=\"wpcf7-form-control-wrap\" data-name=\"acceptance-591\"><span class=\"wpcf7-form-control wpcf7-acceptance\"><span class=\"wpcf7-list-item\"><input type=\"checkbox\" name=\"acceptance-591\" value=\"1\" aria-invalid=\"false\" \/><\/span><\/span><\/span> Accepto la <a href=\"http:\/\/centresmolina.com\/centreensenyament\/clausula-formulario-web\/\" target=\"_blank\"> clausula del formulari web <\/a>\n<\/p>\n<p><input class=\"wpcf7-form-control wpcf7-submit has-spinner boto\" type=\"submit\" value=\"Enviar\" \/>\n<\/p><p style=\"display: none !important;\" class=\"akismet-fields-container\" data-prefix=\"_wpcf7_ak_\"><label>&#916;<textarea name=\"_wpcf7_ak_hp_textarea\" cols=\"45\" rows=\"8\" maxlength=\"100\"><\/textarea><\/label><input type=\"hidden\" id=\"ak_js_1\" name=\"_wpcf7_ak_js\" value=\"156\"\/><script>document.getElementById( \"ak_js_1\" ).setAttribute( \"value\", ( new Date() ).getTime() );<\/script><\/p><div class=\"wpcf7-response-output\" aria-hidden=\"true\"><\/div>\n<\/form>\n<\/div>\n<\/p>\n<\/div>\n<\/div><\/div><\/div><\/div><\/div><\/div>","protected":false},"excerpt":{"rendered":"<p>Avui en dia, ja ning\u00fa posa en dubte la import\u00e0ncia d\u2019aprendre idiomes dins els coneixements i curr\u00edculum personal. Per aix\u00f2,&#8230;<\/p>\n","protected":false},"author":1,"featured_media":0,"parent":0,"menu_order":0,"comment_status":"open","ping_status":"open","template":"page-templates\/sidebar-excluded.php","meta":{"footnotes":""},"class_list":["post-20","page","type-page","status-publish","hentry"],"yoast_head":"<!-- This site is optimized with the Yoast SEO plugin v27.2 - https:\/\/yoast.com\/product\/yoast-seo-wordpress\/ -->\n<title>Molina Language College - Molina idiomas<\/title>\n<meta name=\"robots\" content=\"index, follow, max-snippet:-1, max-image-preview:large, max-video-preview:-1\" \/>\n<link rel=\"canonical\" href=\"https:\/\/centresmolina.com\/molinaidiomas\/\" \/>\n<meta property=\"og:locale\" content=\"ca_ES\" \/>\n<meta property=\"og:type\" content=\"article\" \/>\n<meta property=\"og:title\" content=\"Molina Language College - Molina idiomas\" \/>\n<meta property=\"og:description\" content=\"Avui en dia, ja ning\u00fa posa en dubte la import\u00e0ncia d\u2019aprendre idiomes dins els coneixements i curr\u00edculum personal. Per aix\u00f2,...\" \/>\n<meta property=\"og:url\" content=\"https:\/\/centresmolina.com\/molinaidiomas\/\" \/>\n<meta property=\"og:site_name\" content=\"Molina idiomas\" \/>\n<meta property=\"article:modified_time\" content=\"2015-06-16T19:47:59+00:00\" \/>\n<meta property=\"og:image\" content=\"http:\/\/centresmolina.com\/molinaidiomas\/files\/2014\/12\/equip-huma-idiomes.jpg\" \/>\n<meta name=\"twitter:label1\" content=\"Temps estimat de lectura\" \/>\n\t<meta name=\"twitter:data1\" content=\"2 minuts\" \/>\n<script type=\"application\/ld+json\" class=\"yoast-schema-graph\">{\"@context\":\"https:\/\/schema.org\",\"@graph\":[{\"@type\":\"WebPage\",\"@id\":\"https:\/\/centresmolina.com\/molinaidiomas\/\",\"url\":\"https:\/\/centresmolina.com\/molinaidiomas\/\",\"name\":\"Molina Language College - Molina idiomas\",\"isPartOf\":{\"@id\":\"https:\/\/centresmolina.com\/molinaidiomas\/es\/#website\"},\"primaryImageOfPage\":{\"@id\":\"https:\/\/centresmolina.com\/molinaidiomas\/#primaryimage\"},\"image\":{\"@id\":\"https:\/\/centresmolina.com\/molinaidiomas\/#primaryimage\"},\"thumbnailUrl\":\"http:\/\/centresmolina.com\/molinaidiomas\/files\/2014\/12\/equip-huma-idiomes.jpg\",\"datePublished\":\"2014-12-05T15:31:08+00:00\",\"dateModified\":\"2015-06-16T19:47:59+00:00\",\"breadcrumb\":{\"@id\":\"https:\/\/centresmolina.com\/molinaidiomas\/#breadcrumb\"},\"inLanguage\":\"ca\",\"potentialAction\":[{\"@type\":\"ReadAction\",\"target\":[\"https:\/\/centresmolina.com\/molinaidiomas\/\"]}]},{\"@type\":\"ImageObject\",\"inLanguage\":\"ca\",\"@id\":\"https:\/\/centresmolina.com\/molinaidiomas\/#primaryimage\",\"url\":\"https:\/\/centresmolina.com\/molinaidiomas\/files\/2014\/12\/equip-huma-idiomes.jpg\",\"contentUrl\":\"https:\/\/centresmolina.com\/molinaidiomas\/files\/2014\/12\/equip-huma-idiomes.jpg\",\"width\":1400,\"height\":518},{\"@type\":\"BreadcrumbList\",\"@id\":\"https:\/\/centresmolina.com\/molinaidiomas\/#breadcrumb\",\"itemListElement\":[{\"@type\":\"ListItem\",\"position\":1,\"name\":\"Portada\",\"item\":\"https:\/\/centresmolina.com\/molinaidiomas\/\"},{\"@type\":\"ListItem\",\"position\":2,\"name\":\"Molina Language College\"}]},{\"@type\":\"WebSite\",\"@id\":\"https:\/\/centresmolina.com\/molinaidiomas\/es\/#website\",\"url\":\"https:\/\/centresmolina.com\/molinaidiomas\/es\/\",\"name\":\"Molina idiomas\",\"description\":\"Otro sitio m\u00e1s de Molina Centres\",\"potentialAction\":[{\"@type\":\"SearchAction\",\"target\":{\"@type\":\"EntryPoint\",\"urlTemplate\":\"https:\/\/centresmolina.com\/molinaidiomas\/es\/?s={search_term_string}\"},\"query-input\":{\"@type\":\"PropertyValueSpecification\",\"valueRequired\":true,\"valueName\":\"search_term_string\"}}],\"inLanguage\":\"ca\"}]}<\/script>\n<!-- \/ Yoast SEO plugin. -->","yoast_head_json":{"title":"Molina Language College - Molina idiomas","robots":{"index":"index","follow":"follow","max-snippet":"max-snippet:-1","max-image-preview":"max-image-preview:large","max-video-preview":"max-video-preview:-1"},"canonical":"https:\/\/centresmolina.com\/molinaidiomas\/","og_locale":"ca_ES","og_type":"article","og_title":"Molina Language College - Molina idiomas","og_description":"Avui en dia, ja ning\u00fa posa en dubte la import\u00e0ncia d\u2019aprendre idiomes dins els coneixements i curr\u00edculum personal. Per aix\u00f2,...","og_url":"https:\/\/centresmolina.com\/molinaidiomas\/","og_site_name":"Molina idiomas","article_modified_time":"2015-06-16T19:47:59+00:00","og_image":[{"url":"http:\/\/centresmolina.com\/molinaidiomas\/files\/2014\/12\/equip-huma-idiomes.jpg","type":"","width":"","height":""}],"twitter_misc":{"Temps estimat de lectura":"2 minuts"},"schema":{"@context":"https:\/\/schema.org","@graph":[{"@type":"WebPage","@id":"https:\/\/centresmolina.com\/molinaidiomas\/","url":"https:\/\/centresmolina.com\/molinaidiomas\/","name":"Molina Language College - Molina idiomas","isPartOf":{"@id":"https:\/\/centresmolina.com\/molinaidiomas\/es\/#website"},"primaryImageOfPage":{"@id":"https:\/\/centresmolina.com\/molinaidiomas\/#primaryimage"},"image":{"@id":"https:\/\/centresmolina.com\/molinaidiomas\/#primaryimage"},"thumbnailUrl":"http:\/\/centresmolina.com\/molinaidiomas\/files\/2014\/12\/equip-huma-idiomes.jpg","datePublished":"2014-12-05T15:31:08+00:00","dateModified":"2015-06-16T19:47:59+00:00","breadcrumb":{"@id":"https:\/\/centresmolina.com\/molinaidiomas\/#breadcrumb"},"inLanguage":"ca","potentialAction":[{"@type":"ReadAction","target":["https:\/\/centresmolina.com\/molinaidiomas\/"]}]},{"@type":"ImageObject","inLanguage":"ca","@id":"https:\/\/centresmolina.com\/molinaidiomas\/#primaryimage","url":"https:\/\/centresmolina.com\/molinaidiomas\/files\/2014\/12\/equip-huma-idiomes.jpg","contentUrl":"https:\/\/centresmolina.com\/molinaidiomas\/files\/2014\/12\/equip-huma-idiomes.jpg","width":1400,"height":518},{"@type":"BreadcrumbList","@id":"https:\/\/centresmolina.com\/molinaidiomas\/#breadcrumb","itemListElement":[{"@type":"ListItem","position":1,"name":"Portada","item":"https:\/\/centresmolina.com\/molinaidiomas\/"},{"@type":"ListItem","position":2,"name":"Molina Language College"}]},{"@type":"WebSite","@id":"https:\/\/centresmolina.com\/molinaidiomas\/es\/#website","url":"https:\/\/centresmolina.com\/molinaidiomas\/es\/","name":"Molina idiomas","description":"Otro sitio m\u00e1s de Molina Centres","potentialAction":[{"@type":"SearchAction","target":{"@type":"EntryPoint","urlTemplate":"https:\/\/centresmolina.com\/molinaidiomas\/es\/?s={search_term_string}"},"query-input":{"@type":"PropertyValueSpecification","valueRequired":true,"valueName":"search_term_string"}}],"inLanguage":"ca"}]}},"_links":{"self":[{"href":"https:\/\/centresmolina.com\/molinaidiomas\/wp-json\/wp\/v2\/pages\/20","targetHints":{"allow":["GET"]}}],"collection":[{"href":"https:\/\/centresmolina.com\/molinaidiomas\/wp-json\/wp\/v2\/pages"}],"about":[{"href":"https:\/\/centresmolina.com\/molinaidiomas\/wp-json\/wp\/v2\/types\/page"}],"author":[{"embeddable":true,"href":"https:\/\/centresmolina.com\/molinaidiomas\/wp-json\/wp\/v2\/users\/1"}],"replies":[{"embeddable":true,"href":"https:\/\/centresmolina.com\/molinaidiomas\/wp-json\/wp\/v2\/comments?post=20"}],"version-history":[{"count":9,"href":"https:\/\/centresmolina.com\/molinaidiomas\/wp-json\/wp\/v2\/pages\/20\/revisions"}],"predecessor-version":[{"id":70,"href":"https:\/\/centresmolina.com\/molinaidiomas\/wp-json\/wp\/v2\/pages\/20\/revisions\/70"}],"wp:attachment":[{"href":"https:\/\/centresmolina.com\/molinaidiomas\/wp-json\/wp\/v2\/media?parent=20"}],"curies":[{"name":"wp","href":"https:\/\/api.w.org\/{rel}","templated":true}]}}