{"id":44,"date":"2015-03-10T10:55:59","date_gmt":"2015-03-10T10:55:59","guid":{"rendered":"http:\/\/centresmolina.com\/molinaidiomas\/?page_id=44"},"modified":"2018-02-05T14:14:07","modified_gmt":"2018-02-05T14:14:07","slug":"politica-de-cookies-2","status":"publish","type":"page","link":"https:\/\/centresmolina.com\/molinaidiomas\/politica-de-cookies-2\/","title":{"rendered":"Pol\u00edtica de Cookies"},"content":{"rendered":"<div id=\"pl-44\"  class=\"panel-layout\" ><div id=\"pg-44-0\"  class=\"panel-grid panel-has-style\" ><div class=\"fonsblanc panel-row-style panel-row-style-for-44-0\" ><div id=\"pgc-44-0-0\"  class=\"panel-grid-cell\" ><div id=\"panel-44-0-0-0\" class=\"so-panel widget widget_black-studio-tinymce widget_black_studio_tinymce panel-first-child panel-last-child\" data-index=\"0\" ><div class=\"textwidget\"><p>Una\u00a0Cookie\u00a0\u00e9s un fitxer que es descarrega en el seu ordinador en accedir a determinades p\u00e0gines web. Les\u00a0cookies\u00a0permeten a una p\u00e0gina web, entre altres coses, emmagatzemar i recuperar informaci\u00f3 sobre els h\u00e0bits de navegaci\u00f3 d'un usuari o del seu equip i, depenent de la informaci\u00f3 que contingui i de la forma en qu\u00e8 utilitzi el seu equip, poden utilitzar-se per recon\u00e8ixer a l'usuari.<\/p>\n<p>Les\u00a0cookies\u00a0s\u00f3n essencials per al funcionament d'internet, aportant innombrables avantatges en la prestaci\u00f3 de serveis interactius, facilitant-li la navegaci\u00f3 i\u00a0usabilidad\u00a0de la nostra web. La informaci\u00f3 que li proporcionem a continuaci\u00f3, li ajudar\u00e0 a comprendre els diferents tipus de\u00a0cookies:<\/p>\n<p>\u2013\u00a0Cookies\u00a0pr\u00f2pies: S\u00f3n aquelles que es recapten pel propi editor per prestar el servei sol\u00b7licitat per l'usuari.<\/p>\n<p>\u2013\u00a0Cookies\u00a0de tercer: S\u00f3n aquelles que s\u00f3n recaptades i gestionades per un tercer, aquestes no es poden considerar pr\u00f2pies.<\/p>\n<p>\u2013\u00a0Cookies\u00a0de sessi\u00f3: Recapten dades mentre l'usuari navega per la xarxa amb la finalitat de prestar el servei sol\u00b7licitat.<\/p>\n<p>\u2013\u00a0Cookies\u00a0persistents: S'emmagatzemen en el terminal i la informaci\u00f3 obtinguda, ser\u00e0 utilitzada pel responsable de la\u00a0cookie\u00a0amb la finalitat de prestar el servei sol\u00b7licitat.<\/p>\n<p>\u2013\u00a0Cookies\u00a0t\u00e8cniques: S\u00f3n les necess\u00e0ries per a la correcta navegaci\u00f3 per la web.<\/p>\n<p>\u2013\u00a0Cookies\u00a0de personalitzaci\u00f3: Permeten a l'usuari les caracter\u00edstiques (idioma) per a la navegaci\u00f3 per la website<\/p>\n<p>\u2013\u00a0Cookies\u00a0d'an\u00e0lisi: Permeten al prestador l'an\u00e0lisi vinculada a la navegaci\u00f3 realitzada per l'usuari, amb la finalitat de portar un seguiment d'\u00fas de la p\u00e0gina web, aix\u00ed com realitzar estad\u00edstiques dels continguts m\u00e9s visitats, nombre de visitants, etc.<\/p>\n<p>\u2013\u00a0Cookies\u00a0publicit\u00e0ries: Permeten a l'editor incloure a la web, espais publicitaris, segons el contingut de la pr\u00f2pia web.<\/p>\n<p>\u2013\u00a0Cookies\u00a0de publicitat\u00a0comportamental: Permeten a l'editor incloure a la p\u00e0gina web espais publicitaris segons la informaci\u00f3 obtinguda a trav\u00e9s dels h\u00e0bits de navegaci\u00f3 de l'usuari.<\/p>\n<p>Segons el que es disposa en l'article 22.2 de la Llei 34\/2002, d'11 de juliol, de Serveis de la Societat de la Informaci\u00f3 i de Comer\u00e7 Electr\u00f2nic (LSSI-CE), CE COL\u00b7LEGI MOLINA SL informa de les\u00a0cookiesutilitzades en nostra website:<\/p>\n<p>\u2013 Google\u00a0Analytics: Emmagatzema\u00a0cookies\u00a0per poder elaborar estad\u00edstiques sobre el tr\u00e0fic i volum de visites d'aquesta web. En utilitzar aquest lloc web est\u00e0 consentint el tractament d'informaci\u00f3 sobre vost\u00e8 per Google. Per tant, l'exercici de qualsevol dret en aquest sentit haur\u00e0 de fer-ho comunicant directament amb Google.<\/p>\n<p>Les\u00a0cookies\u00a0de Google\u00a0Analytics, s'emmagatzemen en servidors situats a Estats Units i es compromet a no compartir-la amb tercers, excepte en els casos en els quals sigui necessari per al funcionament del sistema o quan la llei obligui a aquest efecte. Segons Google no guarda la seva adre\u00e7a IP.<br \/>\nGoogle Inc. \u00e9s una companyia adherida a \u201cPrivacyShields\u201d\u00a0(escut de privadesa) que garanteix que totes les dades transferides seran tractats amb un nivell de protecci\u00f3 concorde a la normativa europea. Pot consultar informaci\u00f3 detallada referent a aix\u00f2 a trav\u00e9s del seg\u00fcent enlla\u00e7: https:\/\/support.google.com\/analytics\/answer\/6004245.<\/p>\n<p>Si ho desitja pot utilitzar el Complement d'inhabilitaci\u00f3 per a navegadors de Google\u00a0Analytics\u00a0a trav\u00e9s de les instruccions dels quals poden rebutjar-se les\u00a0cookies\u00a0anal\u00edtiques d'aquest servei en tots els navegadors. Pot consultar m\u00e9s informaci\u00f3 sobre aquest tema al seg\u00fcent enlla\u00e7: https:\/\/tools.google.com\/dlpage\/gaoptout<\/p>\n<p>FINALITAT<br \/>\nAix\u00ed mateix, CE COL\u00b7LEGI MOLINA SL informa a l'usuari que t\u00e9 la possibilitat de configurar el seu navegador de manera que se li informi de la recepci\u00f3 de\u00a0cookies, podent, si aix\u00ed ho desitja, impedir que siguin instal\u00b7lades en el seu disc dur.<br \/>\nA continuaci\u00f3 li proporcionem els enlla\u00e7os de diversos navegadors, a trav\u00e9s dels quals podr\u00e0 realitzar aquesta configuraci\u00f3:<\/p>\n<p>Firefox des d'aqu\u00ed: https:\/\/support.mozilla.org\/es\/kb\/habilitar-y-deshabilitar-cookies-sitios-web-rastrear-preferencias<br \/>\nChrome\u00a0des d'aqu\u00ed: http:\/\/support.google.com\/chrome\/bin\/answer.py?hl=es&amp;answer=95647<br \/>\nExplorer des d'aqu\u00ed: http:\/\/windows.microsoft.com\/es-es\/internet-explorer\/delete-manage-cookies#*ie=*ie-10<br \/>\nSafari des d'aqu\u00ed: https:\/\/support.apple.com\/kb\/ph17191?locale=es_es<br \/>\nOpera des d'aqu\u00ed: http:\/\/help.opera.com\/windows\/11.50\/es-es\/cookies.html<\/p>\n<\/div><\/div><\/div><\/div><\/div><\/div>","protected":false},"excerpt":{"rendered":"<p>Una\u00a0Cookie\u00a0\u00e9s un fitxer que es descarrega en el seu ordinador en accedir a determinades p\u00e0gines web. Les\u00a0cookies\u00a0permeten a una p\u00e0gina&#8230;<\/p>\n","protected":false},"author":1,"featured_media":0,"parent":0,"menu_order":0,"comment_status":"open","ping_status":"open","template":"page-templates\/sidebar-excluded.php","meta":{"footnotes":""},"class_list":["post-44","page","type-page","status-publish","hentry"],"yoast_head":"<!-- This site is optimized with the Yoast SEO plugin v27.2 - https:\/\/yoast.com\/product\/yoast-seo-wordpress\/ -->\n<title>Pol\u00edtica de Cookies - Molina idiomas<\/title>\n<meta name=\"robots\" content=\"index, follow, max-snippet:-1, max-image-preview:large, max-video-preview:-1\" \/>\n<link rel=\"canonical\" href=\"https:\/\/centresmolina.com\/molinaidiomas\/politica-de-cookies-2\/\" \/>\n<meta property=\"og:locale\" content=\"ca_ES\" \/>\n<meta property=\"og:type\" content=\"article\" \/>\n<meta property=\"og:title\" content=\"Pol\u00edtica de Cookies - Molina idiomas\" \/>\n<meta property=\"og:description\" content=\"Una\u00a0Cookie\u00a0\u00e9s un fitxer que es descarrega en el seu ordinador en accedir a determinades p\u00e0gines web. Les\u00a0cookies\u00a0permeten a una p\u00e0gina...\" \/>\n<meta property=\"og:url\" content=\"https:\/\/centresmolina.com\/molinaidiomas\/politica-de-cookies-2\/\" \/>\n<meta property=\"og:site_name\" content=\"Molina idiomas\" \/>\n<meta property=\"article:modified_time\" content=\"2018-02-05T14:14:07+00:00\" \/>\n<meta name=\"twitter:label1\" content=\"Temps estimat de lectura\" \/>\n\t<meta name=\"twitter:data1\" content=\"3 minuts\" \/>\n<script type=\"application\/ld+json\" class=\"yoast-schema-graph\">{\"@context\":\"https:\/\/schema.org\",\"@graph\":[{\"@type\":\"WebPage\",\"@id\":\"https:\/\/centresmolina.com\/molinaidiomas\/politica-de-cookies-2\/\",\"url\":\"https:\/\/centresmolina.com\/molinaidiomas\/politica-de-cookies-2\/\",\"name\":\"Pol\u00edtica de Cookies - Molina idiomas\",\"isPartOf\":{\"@id\":\"https:\/\/centresmolina.com\/molinaidiomas\/es\/#website\"},\"datePublished\":\"2015-03-10T10:55:59+00:00\",\"dateModified\":\"2018-02-05T14:14:07+00:00\",\"breadcrumb\":{\"@id\":\"https:\/\/centresmolina.com\/molinaidiomas\/politica-de-cookies-2\/#breadcrumb\"},\"inLanguage\":\"ca\",\"potentialAction\":[{\"@type\":\"ReadAction\",\"target\":[\"https:\/\/centresmolina.com\/molinaidiomas\/politica-de-cookies-2\/\"]}]},{\"@type\":\"BreadcrumbList\",\"@id\":\"https:\/\/centresmolina.com\/molinaidiomas\/politica-de-cookies-2\/#breadcrumb\",\"itemListElement\":[{\"@type\":\"ListItem\",\"position\":1,\"name\":\"Portada\",\"item\":\"https:\/\/centresmolina.com\/molinaidiomas\/\"},{\"@type\":\"ListItem\",\"position\":2,\"name\":\"Pol\u00edtica de Cookies\"}]},{\"@type\":\"WebSite\",\"@id\":\"https:\/\/centresmolina.com\/molinaidiomas\/es\/#website\",\"url\":\"https:\/\/centresmolina.com\/molinaidiomas\/es\/\",\"name\":\"Molina idiomas\",\"description\":\"Otro sitio m\u00e1s de Molina Centres\",\"potentialAction\":[{\"@type\":\"SearchAction\",\"target\":{\"@type\":\"EntryPoint\",\"urlTemplate\":\"https:\/\/centresmolina.com\/molinaidiomas\/es\/?s={search_term_string}\"},\"query-input\":{\"@type\":\"PropertyValueSpecification\",\"valueRequired\":true,\"valueName\":\"search_term_string\"}}],\"inLanguage\":\"ca\"}]}<\/script>\n<!-- \/ Yoast SEO plugin. -->","yoast_head_json":{"title":"Pol\u00edtica de Cookies - Molina idiomas","robots":{"index":"index","follow":"follow","max-snippet":"max-snippet:-1","max-image-preview":"max-image-preview:large","max-video-preview":"max-video-preview:-1"},"canonical":"https:\/\/centresmolina.com\/molinaidiomas\/politica-de-cookies-2\/","og_locale":"ca_ES","og_type":"article","og_title":"Pol\u00edtica de Cookies - Molina idiomas","og_description":"Una\u00a0Cookie\u00a0\u00e9s un fitxer que es descarrega en el seu ordinador en accedir a determinades p\u00e0gines web. Les\u00a0cookies\u00a0permeten a una p\u00e0gina...","og_url":"https:\/\/centresmolina.com\/molinaidiomas\/politica-de-cookies-2\/","og_site_name":"Molina idiomas","article_modified_time":"2018-02-05T14:14:07+00:00","twitter_misc":{"Temps estimat de lectura":"3 minuts"},"schema":{"@context":"https:\/\/schema.org","@graph":[{"@type":"WebPage","@id":"https:\/\/centresmolina.com\/molinaidiomas\/politica-de-cookies-2\/","url":"https:\/\/centresmolina.com\/molinaidiomas\/politica-de-cookies-2\/","name":"Pol\u00edtica de Cookies - Molina idiomas","isPartOf":{"@id":"https:\/\/centresmolina.com\/molinaidiomas\/es\/#website"},"datePublished":"2015-03-10T10:55:59+00:00","dateModified":"2018-02-05T14:14:07+00:00","breadcrumb":{"@id":"https:\/\/centresmolina.com\/molinaidiomas\/politica-de-cookies-2\/#breadcrumb"},"inLanguage":"ca","potentialAction":[{"@type":"ReadAction","target":["https:\/\/centresmolina.com\/molinaidiomas\/politica-de-cookies-2\/"]}]},{"@type":"BreadcrumbList","@id":"https:\/\/centresmolina.com\/molinaidiomas\/politica-de-cookies-2\/#breadcrumb","itemListElement":[{"@type":"ListItem","position":1,"name":"Portada","item":"https:\/\/centresmolina.com\/molinaidiomas\/"},{"@type":"ListItem","position":2,"name":"Pol\u00edtica de Cookies"}]},{"@type":"WebSite","@id":"https:\/\/centresmolina.com\/molinaidiomas\/es\/#website","url":"https:\/\/centresmolina.com\/molinaidiomas\/es\/","name":"Molina idiomas","description":"Otro sitio m\u00e1s de Molina Centres","potentialAction":[{"@type":"SearchAction","target":{"@type":"EntryPoint","urlTemplate":"https:\/\/centresmolina.com\/molinaidiomas\/es\/?s={search_term_string}"},"query-input":{"@type":"PropertyValueSpecification","valueRequired":true,"valueName":"search_term_string"}}],"inLanguage":"ca"}]}},"_links":{"self":[{"href":"https:\/\/centresmolina.com\/molinaidiomas\/wp-json\/wp\/v2\/pages\/44","targetHints":{"allow":["GET"]}}],"collection":[{"href":"https:\/\/centresmolina.com\/molinaidiomas\/wp-json\/wp\/v2\/pages"}],"about":[{"href":"https:\/\/centresmolina.com\/molinaidiomas\/wp-json\/wp\/v2\/types\/page"}],"author":[{"embeddable":true,"href":"https:\/\/centresmolina.com\/molinaidiomas\/wp-json\/wp\/v2\/users\/1"}],"replies":[{"embeddable":true,"href":"https:\/\/centresmolina.com\/molinaidiomas\/wp-json\/wp\/v2\/comments?post=44"}],"version-history":[{"count":7,"href":"https:\/\/centresmolina.com\/molinaidiomas\/wp-json\/wp\/v2\/pages\/44\/revisions"}],"predecessor-version":[{"id":756,"href":"https:\/\/centresmolina.com\/molinaidiomas\/wp-json\/wp\/v2\/pages\/44\/revisions\/756"}],"wp:attachment":[{"href":"https:\/\/centresmolina.com\/molinaidiomas\/wp-json\/wp\/v2\/media?parent=44"}],"curies":[{"name":"wp","href":"https:\/\/api.w.org\/{rel}","templated":true}]}}