{"id":2,"date":"2014-12-05T15:33:39","date_gmt":"2014-12-05T15:33:39","guid":{"rendered":"http:\/\/centresmolina.com\/molinamusica\/?page_id=2"},"modified":"2015-06-16T19:38:51","modified_gmt":"2015-06-16T19:38:51","slug":"pagina-ejemplo","status":"publish","type":"page","link":"https:\/\/centresmolina.com\/molinamusica\/es\/","title":{"rendered":"Escuela de M\u00fasica Molina"},"content":{"rendered":"<div id=\"pl-2\"  class=\"panel-layout\" ><div id=\"pg-2-0\"  class=\"panel-grid panel-has-style\" ><div class=\"fonsblanc panel-row-style panel-row-style-for-2-0\" ><div id=\"pgc-2-0-0\"  class=\"panel-grid-cell\" ><div id=\"panel-2-0-0-0\" class=\"so-panel widget widget_black-studio-tinymce widget_black_studio_tinymce panel-first-child panel-last-child\" data-index=\"0\" ><div class=\"textwidget\"><div class=\"columnacont\">\n<p>Creemos que la m\u00fasica, m\u00e1s all\u00e1 de su dimensi\u00f3n art\u00edstica, tiene una clara funci\u00f3n formativa, que contribuye al desarrollo integral de la persona en sus\u00a0dimensiones intelectual, social y afectiva, la cual cosa se refleja en todos los \u00e1mbitos acad\u00e9micos.<\/p>\n<p>Por eso, nuestro enfoque pedag\u00f3gico es, a la vez, riguroso y l\u00fadico, y est\u00e1 atento a las diferentes escuelas y metodolog\u00edas de pedagog\u00eda musical.<\/p>\n<\/div>\n<\/div><\/div><\/div><div id=\"pgc-2-0-1\"  class=\"panel-grid-cell\" ><div id=\"panel-2-0-1-0\" class=\"so-panel widget widget_black-studio-tinymce widget_black_studio_tinymce panel-first-child panel-last-child\" data-index=\"1\" ><div class=\"textwidget\"><div class=\"columnacont\"><a href=\"http:\/\/centresmolina.com\/molinamusica\/files\/2015\/03\/nens-classe.jpg\"><img loading=\"lazy\" decoding=\"async\" class=\"imatge alignnone wp-image-32 size-full\" src=\"http:\/\/centresmolina.com\/molinamusica\/files\/2015\/03\/nens-classe.jpg\" alt=\"\" width=\"1567\" height=\"581\" data-id=\"14\" srcset=\"https:\/\/centresmolina.com\/molinamusica\/files\/2015\/03\/nens-classe.jpg 1567w, https:\/\/centresmolina.com\/molinamusica\/files\/2015\/03\/nens-classe-300x111.jpg 300w, https:\/\/centresmolina.com\/molinamusica\/files\/2015\/03\/nens-classe-1024x380.jpg 1024w\" sizes=\"auto, (max-width: 1567px) 100vw, 1567px\" \/><\/a><\/div>\n<\/div><\/div><\/div><\/div><\/div><div id=\"pg-2-1\"  class=\"panel-grid panel-no-style\" ><div id=\"pgc-2-1-0\"  class=\"panel-grid-cell\" ><div id=\"panel-2-1-0-0\" class=\"so-panel widget widget_black-studio-tinymce widget_black_studio_tinymce panel-first-child panel-last-child\" data-index=\"2\" ><div class=\"textwidget\"><h2> \u00bfQu\u00e9 ofrecemos?<\/h2>\n<\/div><\/div><\/div><\/div><div id=\"pg-2-2\"  class=\"panel-grid panel-has-style\" ><div class=\"fonsblanc panel-row-style panel-row-style-for-2-2\" ><div id=\"pgc-2-2-0\"  class=\"panel-grid-cell\" ><div id=\"panel-2-2-0-0\" class=\"so-panel widget widget_black-studio-tinymce widget_black_studio_tinymce panel-first-child panel-last-child\" data-index=\"3\" ><div class=\"textwidget\"><div class=\"columnacont\"><a href=\"http:\/\/centresmolina.com\/molinamusica\/files\/2015\/03\/viol\u00ed-piano.jpg\"><img loading=\"lazy\" decoding=\"async\" class=\"imatge alignnone wp-image-33 size-full\" src=\"http:\/\/centresmolina.com\/molinamusica\/files\/2015\/03\/viol\u00ed-piano.jpg\" alt=\"\" width=\"1611\" height=\"597\" data-id=\"17\" srcset=\"https:\/\/centresmolina.com\/molinamusica\/files\/2015\/03\/viol\u00ed-piano.jpg 1611w, https:\/\/centresmolina.com\/molinamusica\/files\/2015\/03\/viol\u00ed-piano-300x111.jpg 300w, https:\/\/centresmolina.com\/molinamusica\/files\/2015\/03\/viol\u00ed-piano-1024x379.jpg 1024w\" sizes=\"auto, (max-width: 1611px) 100vw, 1611px\" \/><\/a><\/div>\n<\/div><\/div><\/div><div id=\"pgc-2-2-1\"  class=\"panel-grid-cell\" ><div id=\"panel-2-2-1-0\" class=\"so-panel widget widget_black-studio-tinymce widget_black_studio_tinymce panel-first-child panel-last-child\" data-index=\"4\" ><div class=\"textwidget\"><div class=\"columnacont\">\n<p>Ofrecemos una formaci\u00f3n musical que tiene como primer objetivo ense\u00f1ar a <strong>querer<\/strong> la m\u00fasica y <span class=\"verde\"><strong>fomentar y desarrollar las capacidades art\u00edsticas<\/strong><\/span>, creativas\u00a0y emotivas que tenemos innatas.<\/p>\n<p>Creemos que la m\u00fasica se puede trabajar desde bien pronto. Por eso, en nuestras clases, los alumnos m\u00e1s peque\u00f1os pueden <strong>introducirse<\/strong> en el\u00a0maravilloso mundo de la m\u00fasica de una manera l\u00fadica, festiva y <strong>divertida<\/strong>. Lo hacemos a trav\u00e9s de canciones, juegos, danzas y la experimentaci\u00f3n con\u00a0instrumentos musicales, guiados por profesores especializados en la pedagog\u00eda musical de los m\u00e1s peque\u00f1os.<\/p>\n<p>Nuestra oferta educativa comprende <span class=\"verde\"><strong>clases de sensibilizaci\u00f3n musical<\/strong><\/span> (para los m\u00e1s peque\u00f1os), <span class=\"verde\"><strong>iniciaci\u00f3n a la m\u00fasica y lenguaje musical<\/strong><\/span> en diferentes\u00a0niveles, canto coral e instrumento (piano, guitarra cl\u00e1sica, viol\u00edn y flauta travesera).<\/p>\n<p><em>*La Coral de la Escuela Molina se ir\u00e1 creando en funci\u00f3n de los grupos y edades. Quedando pendiente de determinar si ser\u00e1 una coral de voces blancas,\u00a0una coral joven o una coral de adultos.<\/em><\/p>\n<\/div>\n<\/div><\/div><\/div><\/div><\/div><div id=\"pg-2-3\"  class=\"panel-grid panel-no-style\" ><div id=\"pgc-2-3-0\"  class=\"panel-grid-cell\" ><div id=\"panel-2-3-0-0\" class=\"so-panel widget widget_black-studio-tinymce widget_black_studio_tinymce panel-first-child panel-last-child\" data-index=\"5\" ><div class=\"textwidget\"><h2>Ordenaci\u00f3n \u00a0curricular\u00a0<\/h2>\n<\/div><\/div><\/div><\/div><div id=\"pg-2-4\"  class=\"panel-grid panel-has-style\" ><div class=\"fonsblanc panel-row-style panel-row-style-for-2-4\" ><div id=\"pgc-2-4-0\"  class=\"panel-grid-cell\" ><div id=\"panel-2-4-0-0\" class=\"so-panel widget widget_black-studio-tinymce widget_black_studio_tinymce panel-first-child panel-last-child\" data-index=\"6\" ><div class=\"textwidget\"><div class=\"columnacont\">\n<div class=\"destacado-bg-grey\">\n<ul class=\"custom-lista\">\n<li>El curso comprende los meses de <span class=\"verde\"><strong>octubre a junio<\/strong><\/span> (ambos incluidos).<\/li>\n<li>Es necesario hacer una prueba de nivel al inicio, para valorar el curso y horario m\u00e1s adecuado.<\/li>\n<li>Grupos reducidos, informes pedag\u00f3gicos trimestrales, profesorado cualificado.<\/li>\n<li>Ofrecemos tambi\u00e9n <span class=\"verde\"><strong>clases particulares<\/strong><\/span>, para quien est\u00e9 interesado en recibir una formaci\u00f3n personalizada.<\/li>\n<\/ul>\n<\/div>\n<\/div>\n<\/div><\/div><\/div><div id=\"pgc-2-4-1\"  class=\"panel-grid-cell\" ><div id=\"panel-2-4-1-0\" class=\"so-panel widget widget_black-studio-tinymce widget_black_studio_tinymce panel-first-child panel-last-child\" data-index=\"7\" ><div class=\"textwidget\"><div class=\"columnacont\">\n<p>La secuenciaci\u00f3n de los estudios musicales que planteamos da mucha importancia a <span class=\"verde\"><strong>la formaci\u00f3n vocal y a las clases de lenguaje musical<\/strong><\/span>, en las que\u00a0trabajamos siempre con grupos reducidos.<\/p>\n<p>Por lo que se refiere al estudio del instrumento procuraremos, que desde bien pronto los alumnos se encuentren c\u00f3modos con su elecci\u00f3n y disfruten y\u00a0exploren todas las posibilidades sonoras del instrumento.<\/p>\n<p>Seg\u00fan las edades y los niveles, estructuraremos nuestra oferta formativa de la siguiente manera:<\/p>\n<\/div>\n<\/div><\/div><\/div><\/div><\/div><div id=\"pg-2-5\"  class=\"panel-grid panel-has-style\" ><div class=\"fonsblanc panel-row-style panel-row-style-for-2-5\" ><div id=\"pgc-2-5-0\"  class=\"panel-grid-cell\" ><div id=\"panel-2-5-0-0\" class=\"so-panel widget widget_black-studio-tinymce widget_black_studio_tinymce panel-first-child panel-last-child\" data-index=\"8\" ><div class=\"textwidget\"><div class=\"columnacont\">\n<table class=\"musica-table\">\n<thead>\n<tr>\n<th>\u00a0<\/th>\n<th>\u00a0<\/th>\n<\/tr>\n<\/thead>\n<tbody>\n<tr>\n<td class=\"nes_curs\">Sensibilizaci\u00f3n musical (de 3 a 5 a\u00f1os aprox.)<\/td>\n<td>1 hora semanal<\/td>\n<\/tr>\n<tr>\n<td class=\"nes_curs\">Iniciaci\u00f3n a la m\u00fasica (de 6 a 9 a\u00f1os aprox.)<\/td>\n<td>1,5h semanales (1 hora de iniciaci\u00f3n + 30 min. de Rueda de Instrumento)<\/td>\n<\/tr>\n<tr>\n<td class=\"nes_curs\">Lenguaje musical (a partir de 10 a\u00f1os aprox.)<\/td>\n<td>1,5h semanales (1 hora de lenguaje + 30 min. de Canto Coral)<\/td>\n<\/tr>\n<tr>\n<td class=\"nes_curs\">Instrumento (los grupos son de m\u00ednimo 3 alumnos)<\/td>\n<td>1 hora semanal<\/td>\n<\/tr>\n<tr>\n<td class=\"nes_curs\">Lenguaje musical + instrumento<\/td>\n<td>1,5h LL M. 1 d\u00eda a la semana + 1h Instr. 1 d\u00eda a la semana<\/td>\n<\/tr>\n<tr>\n<td class=\"nes_curs\">Clases de m\u00fasica para adultos<\/td>\n<td>1,15h Incluye clase de LL.M. + Instrumento<\/td>\n<\/tr>\n<\/tbody>\n<\/table>\n<\/div>\n<\/div><\/div><\/div><\/div><\/div><div id=\"pg-2-6\"  class=\"panel-grid panel-has-style\" ><div class=\"fonsblanc panel-row-style panel-row-style-for-2-6\" ><div id=\"pgc-2-6-0\"  class=\"panel-grid-cell\" ><div id=\"panel-2-6-0-0\" class=\"so-panel widget widget_black-studio-tinymce widget_black_studio_tinymce panel-first-child panel-last-child\" data-index=\"9\" ><div class=\"textwidget\"><div class=\"columnacont\"><a href=\"http:\/\/centresmolina.com\/molinamusica\/files\/2015\/03\/cajon.jpg\"><img loading=\"lazy\" decoding=\"async\" class=\"imatge alignnone wp-image-30 size-full\" src=\"http:\/\/centresmolina.com\/molinamusica\/files\/2015\/03\/cajon.jpg\" alt=\"\" width=\"1400\" height=\"518\" data-id=\"17\" srcset=\"https:\/\/centresmolina.com\/molinamusica\/files\/2015\/03\/cajon.jpg 1400w, https:\/\/centresmolina.com\/molinamusica\/files\/2015\/03\/cajon-300x111.jpg 300w, https:\/\/centresmolina.com\/molinamusica\/files\/2015\/03\/cajon-1024x379.jpg 1024w\" sizes=\"auto, (max-width: 1400px) 100vw, 1400px\" \/><\/a><\/div>\n<\/div><\/div><\/div><div id=\"pgc-2-6-1\"  class=\"panel-grid-cell\" ><div id=\"panel-2-6-1-0\" class=\"so-panel widget widget_black-studio-tinymce widget_black_studio_tinymce panel-first-child panel-last-child\" data-index=\"10\" ><div class=\"textwidget\"><div class=\"columnacont\">\n<p class=\"destacado-bg-verde\">Para m\u00e1s informaci\u00f3n rellena el siguiente formulario y nos pondremos en contacto. Si lo prefieres, puedes llamarnos al n\u00famero <strong>93.353.38.10.<\/strong><br \/> \n<div class=\"wpcf7 no-js\" id=\"wpcf7-f19-o1\" lang=\"es-ES\" dir=\"ltr\" data-wpcf7-id=\"19\">\n<div class=\"screen-reader-response\"><p role=\"status\" aria-live=\"polite\" aria-atomic=\"true\"><\/p> <ul><\/ul><\/div>\n<form action=\"\/molinamusica\/es\/wp-json\/wp\/v2\/pages\/2\/#wpcf7-f19-o1\" method=\"post\" class=\"wpcf7-form init\" aria-label=\"Formulario de contacto\" novalidate=\"novalidate\" data-status=\"init\">\n<fieldset class=\"hidden-fields-container\"><input type=\"hidden\" name=\"_wpcf7\" value=\"19\" \/><input type=\"hidden\" name=\"_wpcf7_version\" value=\"6.1.5\" \/><input type=\"hidden\" name=\"_wpcf7_locale\" value=\"es_ES\" \/><input type=\"hidden\" name=\"_wpcf7_unit_tag\" value=\"wpcf7-f19-o1\" \/><input type=\"hidden\" name=\"_wpcf7_container_post\" value=\"0\" \/><input type=\"hidden\" name=\"_wpcf7_posted_data_hash\" value=\"\" \/><input type=\"hidden\" name=\"_wpcf7_recaptcha_response\" value=\"\" \/>\n<\/fieldset>\n<p><span class=\"wpcf7-form-control-wrap\" data-name=\"your-name\"><input size=\"40\" maxlength=\"400\" class=\"wpcf7-form-control wpcf7-text wpcf7-validates-as-required\" aria-required=\"true\" aria-invalid=\"false\" placeholder=\"nombre\" value=\"\" type=\"text\" name=\"your-name\" \/><\/span>\n<\/p>\n<p><span class=\"wpcf7-form-control-wrap\" data-name=\"your-email\"><input size=\"40\" maxlength=\"400\" class=\"wpcf7-form-control wpcf7-email wpcf7-validates-as-required wpcf7-text wpcf7-validates-as-email\" aria-required=\"true\" aria-invalid=\"false\" placeholder=\"email\" value=\"\" type=\"email\" name=\"your-email\" \/><\/span>\n<\/p>\n<p><span class=\"wpcf7-form-control-wrap\" data-name=\"acceptance-379\"><span class=\"wpcf7-form-control wpcf7-acceptance\"><span class=\"wpcf7-list-item\"><input type=\"checkbox\" name=\"acceptance-379\" value=\"1\" aria-invalid=\"false\" \/><\/span><\/span><\/span> Acepto la <a href=\"http:\/\/centresmolina.com\/centreensenyament\/clausula-formulario-web\/\" target=\"_blank\"> cl\u00e1usula del formulario web <\/a>\n<\/p>\n<p><input class=\"wpcf7-form-control wpcf7-submit has-spinner boto\" type=\"submit\" value=\"Enviar\" \/>\n<\/p><p style=\"display: none !important;\" class=\"akismet-fields-container\" data-prefix=\"_wpcf7_ak_\"><label>&#916;<textarea name=\"_wpcf7_ak_hp_textarea\" cols=\"45\" rows=\"8\" maxlength=\"100\"><\/textarea><\/label><input type=\"hidden\" id=\"ak_js_1\" name=\"_wpcf7_ak_js\" value=\"120\"\/><script>document.getElementById( \"ak_js_1\" ).setAttribute( \"value\", ( new Date() ).getTime() );<\/script><\/p><div class=\"wpcf7-response-output\" aria-hidden=\"true\"><\/div>\n<\/form>\n<\/div>\n<\/p>\n<\/div>\n<\/div><\/div><\/div><\/div><\/div><\/div>","protected":false},"excerpt":{"rendered":"<p>Creemos que la m\u00fasica, m\u00e1s all\u00e1 de su dimensi\u00f3n art\u00edstica, tiene una clara funci\u00f3n formativa, que contribuye al desarrollo integral&#8230;<\/p>\n","protected":false},"author":1,"featured_media":0,"parent":0,"menu_order":0,"comment_status":"open","ping_status":"open","template":"page-templates\/sidebar-excluded.php","meta":{"footnotes":""},"class_list":["post-2","page","type-page","status-publish","hentry"],"yoast_head":"<!-- This site is optimized with the Yoast SEO plugin v27.2 - https:\/\/yoast.com\/product\/yoast-seo-wordpress\/ -->\n<title>Escuela de M\u00fasica Molina - Molina escuela de M\u00fasica<\/title>\n<meta name=\"robots\" content=\"noindex, follow, max-snippet:-1, max-image-preview:large, max-video-preview:-1\" \/>\n<meta property=\"og:locale\" content=\"es_ES\" \/>\n<meta property=\"og:type\" content=\"article\" \/>\n<meta property=\"og:title\" content=\"Escuela de M\u00fasica Molina - Molina escuela de M\u00fasica\" \/>\n<meta property=\"og:description\" content=\"Creemos que la m\u00fasica, m\u00e1s all\u00e1 de su dimensi\u00f3n art\u00edstica, tiene una clara funci\u00f3n formativa, que contribuye al desarrollo integral...\" \/>\n<meta property=\"og:url\" content=\"https:\/\/centresmolina.com\/molinamusica\/es\/\" \/>\n<meta property=\"og:site_name\" content=\"Molina escuela de M\u00fasica\" \/>\n<meta property=\"article:modified_time\" content=\"2015-06-16T19:38:51+00:00\" \/>\n<meta property=\"og:image\" content=\"http:\/\/centresmolina.com\/molinamusica\/files\/2015\/03\/nens-classe.jpg\" \/>\n<meta name=\"twitter:label1\" content=\"Tiempo de lectura\" \/>\n\t<meta name=\"twitter:data1\" content=\"3 minutos\" \/>\n<script type=\"application\/ld+json\" class=\"yoast-schema-graph\">{\"@context\":\"https:\/\/schema.org\",\"@graph\":[{\"@type\":\"WebPage\",\"@id\":\"https:\/\/centresmolina.com\/molinamusica\/es\/\",\"url\":\"https:\/\/centresmolina.com\/molinamusica\/es\/\",\"name\":\"Escuela de M\u00fasica Molina - Molina escuela de M\u00fasica\",\"isPartOf\":{\"@id\":\"https:\/\/centresmolina.com\/molinamusica\/#website\"},\"primaryImageOfPage\":{\"@id\":\"https:\/\/centresmolina.com\/molinamusica\/es\/#primaryimage\"},\"image\":{\"@id\":\"https:\/\/centresmolina.com\/molinamusica\/es\/#primaryimage\"},\"thumbnailUrl\":\"http:\/\/centresmolina.com\/molinamusica\/files\/2015\/03\/nens-classe.jpg\",\"datePublished\":\"2014-12-05T15:33:39+00:00\",\"dateModified\":\"2015-06-16T19:38:51+00:00\",\"breadcrumb\":{\"@id\":\"https:\/\/centresmolina.com\/molinamusica\/es\/#breadcrumb\"},\"inLanguage\":\"es\",\"potentialAction\":[{\"@type\":\"ReadAction\",\"target\":[\"https:\/\/centresmolina.com\/molinamusica\/es\/\"]}]},{\"@type\":\"ImageObject\",\"inLanguage\":\"es\",\"@id\":\"https:\/\/centresmolina.com\/molinamusica\/es\/#primaryimage\",\"url\":\"http:\/\/centresmolina.com\/molinamusica\/files\/2015\/03\/nens-classe.jpg\",\"contentUrl\":\"http:\/\/centresmolina.com\/molinamusica\/files\/2015\/03\/nens-classe.jpg\"},{\"@type\":\"BreadcrumbList\",\"@id\":\"https:\/\/centresmolina.com\/molinamusica\/es\/#breadcrumb\",\"itemListElement\":[{\"@type\":\"ListItem\",\"position\":1,\"name\":\"Portada\",\"item\":\"https:\/\/centresmolina.com\/molinamusica\/es\/\"},{\"@type\":\"ListItem\",\"position\":2,\"name\":\"Escuela de M\u00fasica Molina\"}]},{\"@type\":\"WebSite\",\"@id\":\"https:\/\/centresmolina.com\/molinamusica\/#website\",\"url\":\"https:\/\/centresmolina.com\/molinamusica\/\",\"name\":\"Molina escuela de M\u00fasica\",\"description\":\"Otro sitio m\u00e1s de Molina Centres\",\"potentialAction\":[{\"@type\":\"SearchAction\",\"target\":{\"@type\":\"EntryPoint\",\"urlTemplate\":\"https:\/\/centresmolina.com\/molinamusica\/?s={search_term_string}\"},\"query-input\":{\"@type\":\"PropertyValueSpecification\",\"valueRequired\":true,\"valueName\":\"search_term_string\"}}],\"inLanguage\":\"es\"}]}<\/script>\n<!-- \/ Yoast SEO plugin. -->","yoast_head_json":{"title":"Escuela de M\u00fasica Molina - Molina escuela de M\u00fasica","robots":{"index":"noindex","follow":"follow","max-snippet":"max-snippet:-1","max-image-preview":"max-image-preview:large","max-video-preview":"max-video-preview:-1"},"og_locale":"es_ES","og_type":"article","og_title":"Escuela de M\u00fasica Molina - Molina escuela de M\u00fasica","og_description":"Creemos que la m\u00fasica, m\u00e1s all\u00e1 de su dimensi\u00f3n art\u00edstica, tiene una clara funci\u00f3n formativa, que contribuye al desarrollo integral...","og_url":"https:\/\/centresmolina.com\/molinamusica\/es\/","og_site_name":"Molina escuela de M\u00fasica","article_modified_time":"2015-06-16T19:38:51+00:00","og_image":[{"url":"http:\/\/centresmolina.com\/molinamusica\/files\/2015\/03\/nens-classe.jpg","type":"","width":"","height":""}],"twitter_misc":{"Tiempo de lectura":"3 minutos"},"schema":{"@context":"https:\/\/schema.org","@graph":[{"@type":"WebPage","@id":"https:\/\/centresmolina.com\/molinamusica\/es\/","url":"https:\/\/centresmolina.com\/molinamusica\/es\/","name":"Escuela de M\u00fasica Molina - Molina escuela de M\u00fasica","isPartOf":{"@id":"https:\/\/centresmolina.com\/molinamusica\/#website"},"primaryImageOfPage":{"@id":"https:\/\/centresmolina.com\/molinamusica\/es\/#primaryimage"},"image":{"@id":"https:\/\/centresmolina.com\/molinamusica\/es\/#primaryimage"},"thumbnailUrl":"http:\/\/centresmolina.com\/molinamusica\/files\/2015\/03\/nens-classe.jpg","datePublished":"2014-12-05T15:33:39+00:00","dateModified":"2015-06-16T19:38:51+00:00","breadcrumb":{"@id":"https:\/\/centresmolina.com\/molinamusica\/es\/#breadcrumb"},"inLanguage":"es","potentialAction":[{"@type":"ReadAction","target":["https:\/\/centresmolina.com\/molinamusica\/es\/"]}]},{"@type":"ImageObject","inLanguage":"es","@id":"https:\/\/centresmolina.com\/molinamusica\/es\/#primaryimage","url":"http:\/\/centresmolina.com\/molinamusica\/files\/2015\/03\/nens-classe.jpg","contentUrl":"http:\/\/centresmolina.com\/molinamusica\/files\/2015\/03\/nens-classe.jpg"},{"@type":"BreadcrumbList","@id":"https:\/\/centresmolina.com\/molinamusica\/es\/#breadcrumb","itemListElement":[{"@type":"ListItem","position":1,"name":"Portada","item":"https:\/\/centresmolina.com\/molinamusica\/es\/"},{"@type":"ListItem","position":2,"name":"Escuela de M\u00fasica Molina"}]},{"@type":"WebSite","@id":"https:\/\/centresmolina.com\/molinamusica\/#website","url":"https:\/\/centresmolina.com\/molinamusica\/","name":"Molina escuela de M\u00fasica","description":"Otro sitio m\u00e1s de Molina Centres","potentialAction":[{"@type":"SearchAction","target":{"@type":"EntryPoint","urlTemplate":"https:\/\/centresmolina.com\/molinamusica\/?s={search_term_string}"},"query-input":{"@type":"PropertyValueSpecification","valueRequired":true,"valueName":"search_term_string"}}],"inLanguage":"es"}]}},"_links":{"self":[{"href":"https:\/\/centresmolina.com\/molinamusica\/es\/wp-json\/wp\/v2\/pages\/2\/"}],"collection":[{"href":"https:\/\/centresmolina.com\/molinamusica\/es\/wp-json\/wp\/v2\/pages\/"}],"about":[{"href":"https:\/\/centresmolina.com\/molinamusica\/es\/wp-json\/wp\/v2\/types\/page\/"}],"author":[{"embeddable":true,"href":"https:\/\/centresmolina.com\/molinamusica\/es\/wp-json\/wp\/v2\/users\/1\/"}],"replies":[{"embeddable":true,"href":"https:\/\/centresmolina.com\/molinamusica\/es\/wp-json\/wp\/v2\/comments\/?post=2"}],"version-history":[{"count":28,"href":"https:\/\/centresmolina.com\/molinamusica\/es\/wp-json\/wp\/v2\/pages\/2\/revisions\/"}],"predecessor-version":[{"id":74,"href":"https:\/\/centresmolina.com\/molinamusica\/es\/wp-json\/wp\/v2\/pages\/2\/revisions\/74\/"}],"wp:attachment":[{"href":"https:\/\/centresmolina.com\/molinamusica\/es\/wp-json\/wp\/v2\/media\/?parent=2"}],"curies":[{"name":"wp","href":"https:\/\/api.w.org\/{rel}","templated":true}]}}